{"id":2535,"date":"2025-05-06T12:53:35","date_gmt":"2025-05-06T12:53:35","guid":{"rendered":"https:\/\/rks.uniri.hr\/about-us\/"},"modified":"2025-09-17T12:03:14","modified_gmt":"2025-09-17T12:03:14","slug":"about-us","status":"publish","type":"page","link":"https:\/\/rks.uniri.hr\/en\/about-us\/","title":{"rendered":"About us"},"content":{"rendered":"\t\t<div data-elementor-type=\"wp-page\" data-elementor-id=\"2535\" class=\"elementor elementor-2535 elementor-25\" data-elementor-post-type=\"page\">\n\t\t\t\t<div class=\"elementor-element elementor-element-9b7fade e-flex e-con-boxed e-con e-parent\" data-id=\"9b7fade\" data-element_type=\"container\" data-e-type=\"container\" data-settings=\"{&quot;background_background&quot;:&quot;classic&quot;}\">\n\t\t\t\t\t<div class=\"e-con-inner\">\n\t\t<div class=\"elementor-element elementor-element-5fea033f e-con-full e-flex e-con e-child\" data-id=\"5fea033f\" data-element_type=\"container\" data-e-type=\"container\">\n\t\t\t\t<div class=\"elementor-element elementor-element-5a060a3d elementor-widget elementor-widget-text-editor\" data-id=\"5a060a3d\" data-element_type=\"widget\" data-e-type=\"widget\" data-widget_type=\"text-editor.default\">\n\t\t\t\t<div class=\"elementor-widget-container\">\n\t\t\t\t\t\t\t\t\t<span style=\"color: #ffffff;\"><a style=\"color: #ffffff;\" href=\"https:\/\/rks.uniri.hr\/en\/\">Homepage<\/a> \/ <a style=\"color: #ffffff;\" href=\"https:\/\/rks.uniri.hr\/en\/about-us\/\"><strong>About us<\/strong><\/a><\/span>\t\t\t\t\t\t\t\t<\/div>\n\t\t\t\t<\/div>\n\t\t\t\t<div class=\"elementor-element elementor-element-4caa5070 elementor-widget elementor-widget-text-editor\" data-id=\"4caa5070\" data-element_type=\"widget\" data-e-type=\"widget\" data-widget_type=\"text-editor.default\">\n\t\t\t\t<div class=\"elementor-widget-container\">\n\t\t\t\t\t\t\t\t\t<h1 style=\"margin: auto;\">The Rijeka School of Croatian Studies<\/h1>\t\t\t\t\t\t\t\t<\/div>\n\t\t\t\t<\/div>\n\t\t\t\t<\/div>\n\t\t\t\t\t<\/div>\n\t\t\t\t<\/div>\n\t\t<div class=\"elementor-element elementor-element-bb8a18a e-flex e-con-boxed e-con e-parent\" data-id=\"bb8a18a\" data-element_type=\"container\" data-e-type=\"container\">\n\t\t\t\t\t<div class=\"e-con-inner\">\n\t\t<div class=\"elementor-element elementor-element-15d90d7 e-con-full e-flex e-con e-child\" data-id=\"15d90d7\" data-element_type=\"container\" data-e-type=\"container\">\n\t\t\t\t<div class=\"elementor-element elementor-element-27c5586 elementor-widget elementor-widget-text-editor\" data-id=\"27c5586\" data-element_type=\"widget\" data-e-type=\"widget\" data-widget_type=\"text-editor.default\">\n\t\t\t\t<div class=\"elementor-widget-container\">\n\t\t\t\t\t\t\t\t\t<p class=\"p2\"><span style=\"color: #000000;\">Since 2008, the Rijeka School of Croatian Studies has been operating within the <span class=\"s1\">Department of Croatian Studies<\/span> at the <a style=\"color: #000000; text-decoration: underline;\" href=\"http:\/\/www.ffri.hr\/kroatistika\/\"><\/a><a style=\"color: #000000; text-decoration: underline;\" href=\"http:\/\/www.ffri.uniri.hr\/\"><span class=\"s1\">Faculty of Humanities and Social Sciences<\/span><\/a>, <span style=\"text-decoration: underline;\"><strong><a style=\"color: #000000; text-decoration: underline;\" href=\"http:\/\/www.uniri.hr\/\"><span class=\"s1\">University of Rijeka<\/span><\/a><\/strong><\/span>, as a center for teaching Croatian as a second, foreign, and heritage language.  <\/span><span style=\"color: #000000;\">The Rijeka School of Croatian Studies promotes the knowledge of the Croatian language, literature, and culture in an international context. It develops modern methods for teaching Croatian as a second or foreign language, encourages mobility, and organizes proficiency exams in Croatian as a second or foreign language. Our goals also include creating standardized exam materials and teaching manuals, organizing academic and professional conferences, and launching professional, teaching, translation, and other projects aimed at promoting the Croatian language, literature, and culture abroad. The School collaborates with institutions in Croatia and abroad that share the same objectives, with Croatian language lecturers at foreign universities and research institutes, as well as with both domestic and international scholars. It also maintains strong ties with the Croatian diaspora.  <\/span><\/p>\t\t\t\t\t\t\t\t<\/div>\n\t\t\t\t<\/div>\n\t\t\t\t<\/div>\n\t\t<div class=\"elementor-element elementor-element-4843efc e-con-full elementor-hidden-tablet elementor-hidden-mobile e-flex e-con e-child\" data-id=\"4843efc\" data-element_type=\"container\" data-e-type=\"container\" data-settings=\"{&quot;background_background&quot;:&quot;classic&quot;}\">\n\t\t\t\t<\/div>\n\t\t\t\t\t<\/div>\n\t\t\t\t<\/div>\n\t\t<div class=\"elementor-element elementor-element-29c6a14 e-flex e-con-boxed e-con e-parent\" data-id=\"29c6a14\" data-element_type=\"container\" data-e-type=\"container\" data-settings=\"{&quot;background_background&quot;:&quot;classic&quot;}\">\n\t\t\t\t\t<div class=\"e-con-inner\">\n\t\t<div class=\"elementor-element elementor-element-2e61e84 e-con-full e-flex e-con e-child\" data-id=\"2e61e84\" data-element_type=\"container\" data-e-type=\"container\">\n\t\t\t\t<div class=\"elementor-element elementor-element-831397f elementor-widget elementor-widget-text-editor\" data-id=\"831397f\" data-element_type=\"widget\" data-e-type=\"widget\" data-widget_type=\"text-editor.default\">\n\t\t\t\t<div class=\"elementor-widget-container\">\n\t\t\t\t\t\t\t\t\t<h3 class=\"p1\" style=\"margin:auto;\"><b>Organization of the Rijeka School of Croatian Studies<\/b><\/h3>\t\t\t\t\t\t\t\t<\/div>\n\t\t\t\t<\/div>\n\t\t\t\t<div class=\"elementor-element elementor-element-fe924d7 elementor-widget elementor-widget-image\" data-id=\"fe924d7\" data-element_type=\"widget\" data-e-type=\"widget\" data-widget_type=\"image.default\">\n\t\t\t\t<div class=\"elementor-widget-container\">\n\t\t\t\t\t\t\t\t\t\t\t\t\t\t\t<img decoding=\"async\" width=\"483\" height=\"10\" src=\"https:\/\/rks.uniri.hr\/wp-content\/uploads\/2025\/05\/dark_line.svg\" class=\"attachment-large size-large wp-image-2534\" alt=\"\" \/>\t\t\t\t\t\t\t\t\t\t\t\t\t\t\t<\/div>\n\t\t\t\t<\/div>\n\t\t\t\t<div class=\"elementor-element elementor-element-df7b33b elementor-widget elementor-widget-text-editor\" data-id=\"df7b33b\" data-element_type=\"widget\" data-e-type=\"widget\" data-widget_type=\"text-editor.default\">\n\t\t\t\t<div class=\"elementor-widget-container\">\n\t\t\t\t\t\t\t\t\t<p class=\"p1\"><b>Head<\/b>: PhD Sandra Marman, Senior Lecturer<\/p><p class=\"p1\"><b>Deputy Head<\/b>: Tanja Dikli\u0107, Lecturer<\/p><p class=\"p1\"><b>Program Secretary<\/b>: Assoc. Prof. prof. dr. sc. \u017deljka Macan<\/p><p class=\"p1\">In addition to the Head, Deputy Head, and Program Secretary, the Expert Council of the Rijeka School of Croatian Studies consists of the current Chair of the Department of Croatian Studies and four permanent members:<\/p><p class=\"p1\">prof. dr. sc. Adriana Car-Mihec<\/p><p class=\"p1\">prof. dr. sc. Irvin Luke\u017ei\u0107<\/p><p class=\"p1\">prof. dr. sc. Lada Badurina<\/p><p class=\"p1\">Prof. PhD Sanja Zub\u010di\u0107 <\/p>\t\t\t\t\t\t\t\t<\/div>\n\t\t\t\t<\/div>\n\t\t\t\t<div class=\"elementor-element elementor-element-7a3dd14 elementor-widget elementor-widget-text-editor\" data-id=\"7a3dd14\" data-element_type=\"widget\" data-e-type=\"widget\" data-widget_type=\"text-editor.default\">\n\t\t\t\t<div class=\"elementor-widget-container\">\n\t\t\t\t\t\t\t\t\t<h3 class=\"p1\" style=\"margin: auto;\"><b>Teachers<\/b><\/h3>\t\t\t\t\t\t\t\t<\/div>\n\t\t\t\t<\/div>\n\t\t\t\t<div class=\"elementor-element elementor-element-f82d305 elementor-widget elementor-widget-image\" data-id=\"f82d305\" data-element_type=\"widget\" data-e-type=\"widget\" data-widget_type=\"image.default\">\n\t\t\t\t<div class=\"elementor-widget-container\">\n\t\t\t\t\t\t\t\t\t\t\t\t\t\t\t<img decoding=\"async\" width=\"483\" height=\"10\" src=\"https:\/\/rks.uniri.hr\/wp-content\/uploads\/2025\/05\/dark_line.svg\" class=\"attachment-large size-large wp-image-2534\" alt=\"\" \/>\t\t\t\t\t\t\t\t\t\t\t\t\t\t\t<\/div>\n\t\t\t\t<\/div>\n\t\t\t\t<div class=\"elementor-element elementor-element-8f14f7d elementor-widget elementor-widget-text-editor\" data-id=\"8f14f7d\" data-element_type=\"widget\" data-e-type=\"widget\" data-widget_type=\"text-editor.default\">\n\t\t\t\t<div class=\"elementor-widget-container\">\n\t\t\t\t\t\t\t\t\t<p class=\"p2\">dr. sc. Sandra Marman, Senior Lecturer <a href=\"https:\/\/portal.uniri.hr\/Portfelj\/2722\">\ud83c\udf10<\/a> <\/p><p class=\"p2\"><span class=\"s2\">Tanja Dikli\u0107, Lecturer <a href=\"https:\/\/portal.uniri.hr\/Portfelj\/details\/7701\">\ud83c\udf10<\/a> <\/span><\/p><p class=\"p3\"><span class=\"s2\">izv. prof. dr. sc. \u017deljka Macan <a href=\"https:\/\/portal.uniri.hr\/portfelj\/796\">\ud83c\udf10<\/a><b> <\/b><\/span><\/p>\t\t\t\t\t\t\t\t<\/div>\n\t\t\t\t<\/div>\n\t\t\t\t<div class=\"elementor-element elementor-element-3cb3f6a elementor-widget elementor-widget-text-editor\" data-id=\"3cb3f6a\" data-element_type=\"widget\" data-e-type=\"widget\" data-widget_type=\"text-editor.default\">\n\t\t\t\t<div class=\"elementor-widget-container\">\n\t\t\t\t\t\t\t\t\t<h3 class=\"p1\" style=\"margin: auto;\"><b>External Associates<\/b><\/h3>\t\t\t\t\t\t\t\t<\/div>\n\t\t\t\t<\/div>\n\t\t\t\t<div class=\"elementor-element elementor-element-da0e4a9 elementor-widget elementor-widget-image\" data-id=\"da0e4a9\" data-element_type=\"widget\" data-e-type=\"widget\" data-widget_type=\"image.default\">\n\t\t\t\t<div class=\"elementor-widget-container\">\n\t\t\t\t\t\t\t\t\t\t\t\t\t\t\t<img decoding=\"async\" width=\"483\" height=\"10\" src=\"https:\/\/rks.uniri.hr\/wp-content\/uploads\/2025\/05\/dark_line.svg\" class=\"attachment-large size-large wp-image-2534\" alt=\"\" \/>\t\t\t\t\t\t\t\t\t\t\t\t\t\t\t<\/div>\n\t\t\t\t<\/div>\n\t\t\t\t<div class=\"elementor-element elementor-element-d1f9150 elementor-widget elementor-widget-text-editor\" data-id=\"d1f9150\" data-element_type=\"widget\" data-e-type=\"widget\" data-widget_type=\"text-editor.default\">\n\t\t\t\t<div class=\"elementor-widget-container\">\n\t\t\t\t\t\t\t\t\t<p class=\"p1\">Martina Kalamari, lecturer<\/p><p class=\"p1\">Maja Ogrizovi\u0107, Lead Lecturer<\/p>\t\t\t\t\t\t\t\t<\/div>\n\t\t\t\t<\/div>\n\t\t\t\t<div class=\"elementor-element elementor-element-a58c147 elementor-widget elementor-widget-text-editor\" data-id=\"a58c147\" data-element_type=\"widget\" data-e-type=\"widget\" data-widget_type=\"text-editor.default\">\n\t\t\t\t<div class=\"elementor-widget-container\">\n\t\t\t\t\t\t\t\t\t<h3 class=\"p1\" style=\"margin: auto;\"><b>Contacts<\/b><\/h3>\t\t\t\t\t\t\t\t<\/div>\n\t\t\t\t<\/div>\n\t\t\t\t<div class=\"elementor-element elementor-element-7f59a45 elementor-widget elementor-widget-image\" data-id=\"7f59a45\" data-element_type=\"widget\" data-e-type=\"widget\" data-widget_type=\"image.default\">\n\t\t\t\t<div class=\"elementor-widget-container\">\n\t\t\t\t\t\t\t\t\t\t\t\t\t\t\t<img decoding=\"async\" width=\"483\" height=\"10\" src=\"https:\/\/rks.uniri.hr\/wp-content\/uploads\/2025\/05\/dark_line.svg\" class=\"attachment-large size-large wp-image-2534\" alt=\"\" \/>\t\t\t\t\t\t\t\t\t\t\t\t\t\t\t<\/div>\n\t\t\t\t<\/div>\n\t\t\t\t<div class=\"elementor-element elementor-element-d85cfaf elementor-widget elementor-widget-text-editor\" data-id=\"d85cfaf\" data-element_type=\"widget\" data-e-type=\"widget\" data-widget_type=\"text-editor.default\">\n\t\t\t\t<div class=\"elementor-widget-container\">\n\t\t\t\t\t\t\t\t\t<p class=\"p1\">Address: Sveu\u010dili\u0161na Avenija 4, 51000 Rijeka (Department of Croatian Studies, 6th Floor)<\/p><p class=\"p1\">Phone: <span style=\"color: #000000;\"><a style=\"color: #000000;\" href=\"tel:(051)%20265-677\">(<span style=\"text-decoration: underline;\">051) 265-677<\/span><\/a><\/span><\/p><p class=\"p1\">E-mail: <span style=\"text-decoration: underline;\"><span style=\"color: #000000;\"><a style=\"color: #000000; text-decoration: underline;\" href=\"mailto:rks@ffri.hr\">rks@ffri.hr<\/a><\/span><\/span><\/p>\t\t\t\t\t\t\t\t<\/div>\n\t\t\t\t<\/div>\n\t\t\t\t<\/div>\n\t\t<div class=\"elementor-element elementor-element-7ac14f1 e-con-full elementor-hidden-tablet elementor-hidden-mobile e-flex e-con e-child\" data-id=\"7ac14f1\" data-element_type=\"container\" data-e-type=\"container\">\n\t\t\t\t<\/div>\n\t\t\t\t\t<\/div>\n\t\t\t\t<\/div>\n\t\t\t\t<\/div>\n\t\t","protected":false},"excerpt":{"rendered":"<p>Homepage \/ About us The Rijeka School of Croatian Studies Since 2008, the Rijeka School of Croatian Studies has been operating within the Department of Croatian Studies at the Faculty of Humanities and Social Sciences, University of Rijeka, as a center for teaching Croatian as a second, foreign, and heritage language. The Rijeka School of [&hellip;]<\/p>\n","protected":false},"author":2,"featured_media":0,"parent":0,"menu_order":0,"comment_status":"closed","ping_status":"closed","template":"","meta":{"footnotes":""},"class_list":["post-2535","page","type-page","status-publish","hentry"],"yoast_head":"<!-- This site is optimized with the Yoast SEO plugin v27.3 - https:\/\/yoast.com\/product\/yoast-seo-wordpress\/ -->\n<title>About us - The Rijeka School of Croatian studies<\/title>\n<meta name=\"description\" content=\"Since 2008, the Rijeka School of Croatian Studies has been part of the Department of Croatian Studies at the Faculty of Humanities and Social Sciences, University of Rijeka\" \/>\n<meta name=\"robots\" content=\"index, follow, max-snippet:-1, max-image-preview:large, max-video-preview:-1\" \/>\n<link rel=\"canonical\" href=\"https:\/\/rks.uniri.hr\/en\/about-us\/\" \/>\n<meta property=\"og:locale\" content=\"en_US\" \/>\n<meta property=\"og:type\" content=\"article\" \/>\n<meta property=\"og:title\" content=\"About us - The Rijeka School of Croatian studies\" \/>\n<meta property=\"og:description\" content=\"Since 2008, the Rijeka School of Croatian Studies has been part of the Department of Croatian Studies at the Faculty of Humanities and Social Sciences, University of Rijeka\" \/>\n<meta property=\"og:url\" content=\"https:\/\/rks.uniri.hr\/en\/about-us\/\" \/>\n<meta property=\"og:site_name\" content=\"Rije\u010dka kroatisti\u010dka \u0161kola\" \/>\n<meta property=\"article:modified_time\" content=\"2025-09-17T12:03:14+00:00\" \/>\n<meta name=\"twitter:card\" content=\"summary_large_image\" \/>\n<meta name=\"twitter:label1\" content=\"Est. reading time\" \/>\n\t<meta name=\"twitter:data1\" content=\"1 minute\" \/>\n<script type=\"application\/ld+json\" class=\"yoast-schema-graph\">{\"@context\":\"https:\\\/\\\/schema.org\",\"@graph\":[{\"@type\":\"WebPage\",\"@id\":\"https:\\\/\\\/rks.uniri.hr\\\/en\\\/about-us\\\/\",\"url\":\"https:\\\/\\\/rks.uniri.hr\\\/en\\\/about-us\\\/\",\"name\":\"About us - The Rijeka School of Croatian studies\",\"isPartOf\":{\"@id\":\"https:\\\/\\\/rks.uniri.hr\\\/en\\\/#website\"},\"primaryImageOfPage\":{\"@id\":\"https:\\\/\\\/rks.uniri.hr\\\/en\\\/about-us\\\/#primaryimage\"},\"image\":{\"@id\":\"https:\\\/\\\/rks.uniri.hr\\\/en\\\/about-us\\\/#primaryimage\"},\"thumbnailUrl\":\"https:\\\/\\\/rks.uniri.hr\\\/wp-content\\\/uploads\\\/2025\\\/05\\\/dark_line.svg\",\"datePublished\":\"2025-05-06T12:53:35+00:00\",\"dateModified\":\"2025-09-17T12:03:14+00:00\",\"description\":\"Since 2008, the Rijeka School of Croatian Studies has been part of the Department of Croatian Studies at the Faculty of Humanities and Social Sciences, University of Rijeka\",\"breadcrumb\":{\"@id\":\"https:\\\/\\\/rks.uniri.hr\\\/en\\\/about-us\\\/#breadcrumb\"},\"inLanguage\":\"en-US\",\"potentialAction\":[{\"@type\":\"ReadAction\",\"target\":[\"https:\\\/\\\/rks.uniri.hr\\\/en\\\/about-us\\\/\"]}]},{\"@type\":\"ImageObject\",\"inLanguage\":\"en-US\",\"@id\":\"https:\\\/\\\/rks.uniri.hr\\\/en\\\/about-us\\\/#primaryimage\",\"url\":\"https:\\\/\\\/rks.uniri.hr\\\/wp-content\\\/uploads\\\/2025\\\/05\\\/dark_line.svg\",\"contentUrl\":\"https:\\\/\\\/rks.uniri.hr\\\/wp-content\\\/uploads\\\/2025\\\/05\\\/dark_line.svg\"},{\"@type\":\"BreadcrumbList\",\"@id\":\"https:\\\/\\\/rks.uniri.hr\\\/en\\\/about-us\\\/#breadcrumb\",\"itemListElement\":[{\"@type\":\"ListItem\",\"position\":1,\"name\":\"Po\u010detna stranica\",\"item\":\"https:\\\/\\\/rks.uniri.hr\\\/en\\\/\"},{\"@type\":\"ListItem\",\"position\":2,\"name\":\"About us\"}]},{\"@type\":\"WebSite\",\"@id\":\"https:\\\/\\\/rks.uniri.hr\\\/en\\\/#website\",\"url\":\"https:\\\/\\\/rks.uniri.hr\\\/en\\\/\",\"name\":\"Rije\u010dka kroatisti\u010dka \u0161kola\",\"description\":\"\",\"publisher\":{\"@id\":\"https:\\\/\\\/rks.uniri.hr\\\/en\\\/#organization\"},\"potentialAction\":[{\"@type\":\"SearchAction\",\"target\":{\"@type\":\"EntryPoint\",\"urlTemplate\":\"https:\\\/\\\/rks.uniri.hr\\\/en\\\/?s={search_term_string}\"},\"query-input\":{\"@type\":\"PropertyValueSpecification\",\"valueRequired\":true,\"valueName\":\"search_term_string\"}}],\"inLanguage\":\"en-US\"},{\"@type\":\"Organization\",\"@id\":\"https:\\\/\\\/rks.uniri.hr\\\/en\\\/#organization\",\"name\":\"Rije\u010dka kroatisti\u010dka \u0161kola\",\"url\":\"https:\\\/\\\/rks.uniri.hr\\\/en\\\/\",\"logo\":{\"@type\":\"ImageObject\",\"inLanguage\":\"en-US\",\"@id\":\"https:\\\/\\\/rks.uniri.hr\\\/en\\\/#\\\/schema\\\/logo\\\/image\\\/\",\"url\":\"https:\\\/\\\/rks.uniri.hr\\\/wp-content\\\/uploads\\\/2025\\\/05\\\/RKS\u030c-logo-white-HR-1.png\",\"contentUrl\":\"https:\\\/\\\/rks.uniri.hr\\\/wp-content\\\/uploads\\\/2025\\\/05\\\/RKS\u030c-logo-white-HR-1.png\",\"width\":126,\"height\":109,\"caption\":\"Rije\u010dka kroatisti\u010dka \u0161kola\"},\"image\":{\"@id\":\"https:\\\/\\\/rks.uniri.hr\\\/en\\\/#\\\/schema\\\/logo\\\/image\\\/\"}}]}<\/script>\n<!-- \/ Yoast SEO plugin. -->","yoast_head_json":{"title":"About us - The Rijeka School of Croatian studies","description":"Since 2008, the Rijeka School of Croatian Studies has been part of the Department of Croatian Studies at the Faculty of Humanities and Social Sciences, University of Rijeka","robots":{"index":"index","follow":"follow","max-snippet":"max-snippet:-1","max-image-preview":"max-image-preview:large","max-video-preview":"max-video-preview:-1"},"canonical":"https:\/\/rks.uniri.hr\/en\/about-us\/","og_locale":"en_US","og_type":"article","og_title":"About us - The Rijeka School of Croatian studies","og_description":"Since 2008, the Rijeka School of Croatian Studies has been part of the Department of Croatian Studies at the Faculty of Humanities and Social Sciences, University of Rijeka","og_url":"https:\/\/rks.uniri.hr\/en\/about-us\/","og_site_name":"Rije\u010dka kroatisti\u010dka \u0161kola","article_modified_time":"2025-09-17T12:03:14+00:00","twitter_card":"summary_large_image","twitter_misc":{"Est. reading time":"1 minute"},"schema":{"@context":"https:\/\/schema.org","@graph":[{"@type":"WebPage","@id":"https:\/\/rks.uniri.hr\/en\/about-us\/","url":"https:\/\/rks.uniri.hr\/en\/about-us\/","name":"About us - The Rijeka School of Croatian studies","isPartOf":{"@id":"https:\/\/rks.uniri.hr\/en\/#website"},"primaryImageOfPage":{"@id":"https:\/\/rks.uniri.hr\/en\/about-us\/#primaryimage"},"image":{"@id":"https:\/\/rks.uniri.hr\/en\/about-us\/#primaryimage"},"thumbnailUrl":"https:\/\/rks.uniri.hr\/wp-content\/uploads\/2025\/05\/dark_line.svg","datePublished":"2025-05-06T12:53:35+00:00","dateModified":"2025-09-17T12:03:14+00:00","description":"Since 2008, the Rijeka School of Croatian Studies has been part of the Department of Croatian Studies at the Faculty of Humanities and Social Sciences, University of Rijeka","breadcrumb":{"@id":"https:\/\/rks.uniri.hr\/en\/about-us\/#breadcrumb"},"inLanguage":"en-US","potentialAction":[{"@type":"ReadAction","target":["https:\/\/rks.uniri.hr\/en\/about-us\/"]}]},{"@type":"ImageObject","inLanguage":"en-US","@id":"https:\/\/rks.uniri.hr\/en\/about-us\/#primaryimage","url":"https:\/\/rks.uniri.hr\/wp-content\/uploads\/2025\/05\/dark_line.svg","contentUrl":"https:\/\/rks.uniri.hr\/wp-content\/uploads\/2025\/05\/dark_line.svg"},{"@type":"BreadcrumbList","@id":"https:\/\/rks.uniri.hr\/en\/about-us\/#breadcrumb","itemListElement":[{"@type":"ListItem","position":1,"name":"Po\u010detna stranica","item":"https:\/\/rks.uniri.hr\/en\/"},{"@type":"ListItem","position":2,"name":"About us"}]},{"@type":"WebSite","@id":"https:\/\/rks.uniri.hr\/en\/#website","url":"https:\/\/rks.uniri.hr\/en\/","name":"Rije\u010dka kroatisti\u010dka \u0161kola","description":"","publisher":{"@id":"https:\/\/rks.uniri.hr\/en\/#organization"},"potentialAction":[{"@type":"SearchAction","target":{"@type":"EntryPoint","urlTemplate":"https:\/\/rks.uniri.hr\/en\/?s={search_term_string}"},"query-input":{"@type":"PropertyValueSpecification","valueRequired":true,"valueName":"search_term_string"}}],"inLanguage":"en-US"},{"@type":"Organization","@id":"https:\/\/rks.uniri.hr\/en\/#organization","name":"Rije\u010dka kroatisti\u010dka \u0161kola","url":"https:\/\/rks.uniri.hr\/en\/","logo":{"@type":"ImageObject","inLanguage":"en-US","@id":"https:\/\/rks.uniri.hr\/en\/#\/schema\/logo\/image\/","url":"https:\/\/rks.uniri.hr\/wp-content\/uploads\/2025\/05\/RKS\u030c-logo-white-HR-1.png","contentUrl":"https:\/\/rks.uniri.hr\/wp-content\/uploads\/2025\/05\/RKS\u030c-logo-white-HR-1.png","width":126,"height":109,"caption":"Rije\u010dka kroatisti\u010dka \u0161kola"},"image":{"@id":"https:\/\/rks.uniri.hr\/en\/#\/schema\/logo\/image\/"}}]}},"_links":{"self":[{"href":"https:\/\/rks.uniri.hr\/en\/wp-json\/wp\/v2\/pages\/2535","targetHints":{"allow":["GET"]}}],"collection":[{"href":"https:\/\/rks.uniri.hr\/en\/wp-json\/wp\/v2\/pages"}],"about":[{"href":"https:\/\/rks.uniri.hr\/en\/wp-json\/wp\/v2\/types\/page"}],"author":[{"embeddable":true,"href":"https:\/\/rks.uniri.hr\/en\/wp-json\/wp\/v2\/users\/2"}],"replies":[{"embeddable":true,"href":"https:\/\/rks.uniri.hr\/en\/wp-json\/wp\/v2\/comments?post=2535"}],"version-history":[{"count":8,"href":"https:\/\/rks.uniri.hr\/en\/wp-json\/wp\/v2\/pages\/2535\/revisions"}],"predecessor-version":[{"id":2616,"href":"https:\/\/rks.uniri.hr\/en\/wp-json\/wp\/v2\/pages\/2535\/revisions\/2616"}],"wp:attachment":[{"href":"https:\/\/rks.uniri.hr\/en\/wp-json\/wp\/v2\/media?parent=2535"}],"curies":[{"name":"wp","href":"https:\/\/api.w.org\/{rel}","templated":true}]}}