{"id":2477,"date":"2025-06-06T10:13:46","date_gmt":"2025-06-06T10:13:46","guid":{"rendered":"https:\/\/rks.uniri.hr\/impressum\/"},"modified":"2025-09-15T13:13:42","modified_gmt":"2025-09-15T13:13:42","slug":"impressum","status":"publish","type":"page","link":"https:\/\/rks.uniri.hr\/en\/impressum\/","title":{"rendered":"Impressum"},"content":{"rendered":"\t\t<div data-elementor-type=\"wp-page\" data-elementor-id=\"2477\" class=\"elementor elementor-2477 elementor-1368\" data-elementor-post-type=\"page\">\n\t\t\t\t<div class=\"elementor-element elementor-element-5e284d5 e-flex e-con-boxed e-con e-parent\" data-id=\"5e284d5\" data-element_type=\"container\" data-e-type=\"container\" data-settings=\"{&quot;background_background&quot;:&quot;classic&quot;}\">\n\t\t\t\t\t<div class=\"e-con-inner\">\n\t\t\t\t<div class=\"elementor-element elementor-element-8d1a099 elementor-widget elementor-widget-text-editor\" data-id=\"8d1a099\" data-element_type=\"widget\" data-e-type=\"widget\" data-widget_type=\"text-editor.default\">\n\t\t\t\t<div class=\"elementor-widget-container\">\n\t\t\t\t\t\t\t\t\t<h1>Impressum<\/h1>\t\t\t\t\t\t\t\t<\/div>\n\t\t\t\t<\/div>\n\t\t\t\t\t<\/div>\n\t\t\t\t<\/div>\n\t\t<div class=\"elementor-element elementor-element-2fcf961 e-flex e-con-boxed e-con e-parent\" data-id=\"2fcf961\" data-element_type=\"container\" data-e-type=\"container\">\n\t\t\t\t\t<div class=\"e-con-inner\">\n\t\t\t\t<div class=\"elementor-element elementor-element-3e8132e elementor-widget elementor-widget-text-editor\" data-id=\"3e8132e\" data-element_type=\"widget\" data-e-type=\"widget\" data-widget_type=\"text-editor.default\">\n\t\t\t\t<div class=\"elementor-widget-container\">\n\t\t\t\t\t\t\t\t\t<p class=\"p1\">Rijeka School of Croatian Studies at the Department of Croatian Studies<\/p><p class=\"p1\">Faculty of Humanities and Social Sciences, University of Rijeka<\/p><p class=\"p1\">University Avenue 4<\/p><p class=\"p1\">51000 Rijeka<\/p><p class=\"p1\">OIB: 70505505759<\/p><p class=\"p1\">Bank Account IBAN: HR9123600001101536455 with Zagreba\u010dka banka d.d.<\/p>\t\t\t\t\t\t\t\t<\/div>\n\t\t\t\t<\/div>\n\t\t\t\t\t<\/div>\n\t\t\t\t<\/div>\n\t\t\t\t<\/div>\n\t\t","protected":false},"excerpt":{"rendered":"<p>Impressum Rijeka School of Croatian Studies at the Department of Croatian Studies Faculty of Humanities and Social Sciences, University of Rijeka University Avenue 4 51000 Rijeka OIB: 70505505759 Bank Account IBAN: HR9123600001101536455 with Zagreba\u010dka banka d.d.<\/p>\n","protected":false},"author":2,"featured_media":0,"parent":0,"menu_order":0,"comment_status":"closed","ping_status":"closed","template":"","meta":{"footnotes":""},"class_list":["post-2477","page","type-page","status-publish","hentry"],"yoast_head":"<!-- This site is optimized with the Yoast SEO plugin v27.3 - https:\/\/yoast.com\/product\/yoast-seo-wordpress\/ -->\n<title>Impressum - Rije\u010dka kroatisti\u010dka \u0161kola<\/title>\n<meta name=\"robots\" content=\"index, follow, max-snippet:-1, max-image-preview:large, max-video-preview:-1\" \/>\n<link rel=\"canonical\" href=\"https:\/\/rks.uniri.hr\/en\/impressum\/\" \/>\n<meta property=\"og:locale\" content=\"en_US\" \/>\n<meta property=\"og:type\" content=\"article\" \/>\n<meta property=\"og:title\" content=\"Impressum - Rije\u010dka kroatisti\u010dka \u0161kola\" \/>\n<meta property=\"og:description\" content=\"Impressum Rijeka School of Croatian Studies at the Department of Croatian Studies Faculty of Humanities and Social Sciences, University of Rijeka University Avenue 4 51000 Rijeka OIB: 70505505759 Bank Account IBAN: HR9123600001101536455 with Zagreba\u010dka banka d.d.\" \/>\n<meta property=\"og:url\" content=\"https:\/\/rks.uniri.hr\/en\/impressum\/\" \/>\n<meta property=\"og:site_name\" content=\"Rije\u010dka kroatisti\u010dka \u0161kola\" \/>\n<meta property=\"article:modified_time\" content=\"2025-09-15T13:13:42+00:00\" \/>\n<meta name=\"twitter:card\" content=\"summary_large_image\" \/>\n<script type=\"application\/ld+json\" class=\"yoast-schema-graph\">{\"@context\":\"https:\\\/\\\/schema.org\",\"@graph\":[{\"@type\":\"WebPage\",\"@id\":\"https:\\\/\\\/rks.uniri.hr\\\/en\\\/impressum\\\/\",\"url\":\"https:\\\/\\\/rks.uniri.hr\\\/en\\\/impressum\\\/\",\"name\":\"Impressum - Rije\u010dka kroatisti\u010dka \u0161kola\",\"isPartOf\":{\"@id\":\"https:\\\/\\\/rks.uniri.hr\\\/en\\\/#website\"},\"datePublished\":\"2025-06-06T10:13:46+00:00\",\"dateModified\":\"2025-09-15T13:13:42+00:00\",\"breadcrumb\":{\"@id\":\"https:\\\/\\\/rks.uniri.hr\\\/en\\\/impressum\\\/#breadcrumb\"},\"inLanguage\":\"en-US\",\"potentialAction\":[{\"@type\":\"ReadAction\",\"target\":[\"https:\\\/\\\/rks.uniri.hr\\\/en\\\/impressum\\\/\"]}]},{\"@type\":\"BreadcrumbList\",\"@id\":\"https:\\\/\\\/rks.uniri.hr\\\/en\\\/impressum\\\/#breadcrumb\",\"itemListElement\":[{\"@type\":\"ListItem\",\"position\":1,\"name\":\"Po\u010detna stranica\",\"item\":\"https:\\\/\\\/rks.uniri.hr\\\/en\\\/\"},{\"@type\":\"ListItem\",\"position\":2,\"name\":\"Impressum\"}]},{\"@type\":\"WebSite\",\"@id\":\"https:\\\/\\\/rks.uniri.hr\\\/en\\\/#website\",\"url\":\"https:\\\/\\\/rks.uniri.hr\\\/en\\\/\",\"name\":\"Rije\u010dka kroatisti\u010dka \u0161kola\",\"description\":\"\",\"publisher\":{\"@id\":\"https:\\\/\\\/rks.uniri.hr\\\/en\\\/#organization\"},\"potentialAction\":[{\"@type\":\"SearchAction\",\"target\":{\"@type\":\"EntryPoint\",\"urlTemplate\":\"https:\\\/\\\/rks.uniri.hr\\\/en\\\/?s={search_term_string}\"},\"query-input\":{\"@type\":\"PropertyValueSpecification\",\"valueRequired\":true,\"valueName\":\"search_term_string\"}}],\"inLanguage\":\"en-US\"},{\"@type\":\"Organization\",\"@id\":\"https:\\\/\\\/rks.uniri.hr\\\/en\\\/#organization\",\"name\":\"Rije\u010dka kroatisti\u010dka \u0161kola\",\"url\":\"https:\\\/\\\/rks.uniri.hr\\\/en\\\/\",\"logo\":{\"@type\":\"ImageObject\",\"inLanguage\":\"en-US\",\"@id\":\"https:\\\/\\\/rks.uniri.hr\\\/en\\\/#\\\/schema\\\/logo\\\/image\\\/\",\"url\":\"https:\\\/\\\/rks.uniri.hr\\\/wp-content\\\/uploads\\\/2025\\\/05\\\/RKS\u030c-logo-white-HR-1.png\",\"contentUrl\":\"https:\\\/\\\/rks.uniri.hr\\\/wp-content\\\/uploads\\\/2025\\\/05\\\/RKS\u030c-logo-white-HR-1.png\",\"width\":126,\"height\":109,\"caption\":\"Rije\u010dka kroatisti\u010dka \u0161kola\"},\"image\":{\"@id\":\"https:\\\/\\\/rks.uniri.hr\\\/en\\\/#\\\/schema\\\/logo\\\/image\\\/\"}}]}<\/script>\n<!-- \/ Yoast SEO plugin. -->","yoast_head_json":{"title":"Impressum - Rije\u010dka kroatisti\u010dka \u0161kola","robots":{"index":"index","follow":"follow","max-snippet":"max-snippet:-1","max-image-preview":"max-image-preview:large","max-video-preview":"max-video-preview:-1"},"canonical":"https:\/\/rks.uniri.hr\/en\/impressum\/","og_locale":"en_US","og_type":"article","og_title":"Impressum - Rije\u010dka kroatisti\u010dka \u0161kola","og_description":"Impressum Rijeka School of Croatian Studies at the Department of Croatian Studies Faculty of Humanities and Social Sciences, University of Rijeka University Avenue 4 51000 Rijeka OIB: 70505505759 Bank Account IBAN: HR9123600001101536455 with Zagreba\u010dka banka d.d.","og_url":"https:\/\/rks.uniri.hr\/en\/impressum\/","og_site_name":"Rije\u010dka kroatisti\u010dka \u0161kola","article_modified_time":"2025-09-15T13:13:42+00:00","twitter_card":"summary_large_image","schema":{"@context":"https:\/\/schema.org","@graph":[{"@type":"WebPage","@id":"https:\/\/rks.uniri.hr\/en\/impressum\/","url":"https:\/\/rks.uniri.hr\/en\/impressum\/","name":"Impressum - Rije\u010dka kroatisti\u010dka \u0161kola","isPartOf":{"@id":"https:\/\/rks.uniri.hr\/en\/#website"},"datePublished":"2025-06-06T10:13:46+00:00","dateModified":"2025-09-15T13:13:42+00:00","breadcrumb":{"@id":"https:\/\/rks.uniri.hr\/en\/impressum\/#breadcrumb"},"inLanguage":"en-US","potentialAction":[{"@type":"ReadAction","target":["https:\/\/rks.uniri.hr\/en\/impressum\/"]}]},{"@type":"BreadcrumbList","@id":"https:\/\/rks.uniri.hr\/en\/impressum\/#breadcrumb","itemListElement":[{"@type":"ListItem","position":1,"name":"Po\u010detna stranica","item":"https:\/\/rks.uniri.hr\/en\/"},{"@type":"ListItem","position":2,"name":"Impressum"}]},{"@type":"WebSite","@id":"https:\/\/rks.uniri.hr\/en\/#website","url":"https:\/\/rks.uniri.hr\/en\/","name":"Rije\u010dka kroatisti\u010dka \u0161kola","description":"","publisher":{"@id":"https:\/\/rks.uniri.hr\/en\/#organization"},"potentialAction":[{"@type":"SearchAction","target":{"@type":"EntryPoint","urlTemplate":"https:\/\/rks.uniri.hr\/en\/?s={search_term_string}"},"query-input":{"@type":"PropertyValueSpecification","valueRequired":true,"valueName":"search_term_string"}}],"inLanguage":"en-US"},{"@type":"Organization","@id":"https:\/\/rks.uniri.hr\/en\/#organization","name":"Rije\u010dka kroatisti\u010dka \u0161kola","url":"https:\/\/rks.uniri.hr\/en\/","logo":{"@type":"ImageObject","inLanguage":"en-US","@id":"https:\/\/rks.uniri.hr\/en\/#\/schema\/logo\/image\/","url":"https:\/\/rks.uniri.hr\/wp-content\/uploads\/2025\/05\/RKS\u030c-logo-white-HR-1.png","contentUrl":"https:\/\/rks.uniri.hr\/wp-content\/uploads\/2025\/05\/RKS\u030c-logo-white-HR-1.png","width":126,"height":109,"caption":"Rije\u010dka kroatisti\u010dka \u0161kola"},"image":{"@id":"https:\/\/rks.uniri.hr\/en\/#\/schema\/logo\/image\/"}}]}},"_links":{"self":[{"href":"https:\/\/rks.uniri.hr\/en\/wp-json\/wp\/v2\/pages\/2477","targetHints":{"allow":["GET"]}}],"collection":[{"href":"https:\/\/rks.uniri.hr\/en\/wp-json\/wp\/v2\/pages"}],"about":[{"href":"https:\/\/rks.uniri.hr\/en\/wp-json\/wp\/v2\/types\/page"}],"author":[{"embeddable":true,"href":"https:\/\/rks.uniri.hr\/en\/wp-json\/wp\/v2\/users\/2"}],"replies":[{"embeddable":true,"href":"https:\/\/rks.uniri.hr\/en\/wp-json\/wp\/v2\/comments?post=2477"}],"version-history":[{"count":1,"href":"https:\/\/rks.uniri.hr\/en\/wp-json\/wp\/v2\/pages\/2477\/revisions"}],"predecessor-version":[{"id":2478,"href":"https:\/\/rks.uniri.hr\/en\/wp-json\/wp\/v2\/pages\/2477\/revisions\/2478"}],"wp:attachment":[{"href":"https:\/\/rks.uniri.hr\/en\/wp-json\/wp\/v2\/media?parent=2477"}],"curies":[{"name":"wp","href":"https:\/\/api.w.org\/{rel}","templated":true}]}}