{"id":2473,"date":"2025-05-27T12:01:57","date_gmt":"2025-05-27T12:01:57","guid":{"rendered":"https:\/\/rks.uniri.hr\/mdu-scholarship-holders\/"},"modified":"2025-09-17T09:50:21","modified_gmt":"2025-09-17T09:50:21","slug":"mdu-scholarship-holders","status":"publish","type":"page","link":"https:\/\/rks.uniri.hr\/en\/mdu-scholarship-holders\/","title":{"rendered":"MDU Scholarship Holders"},"content":{"rendered":"\t\t<div data-elementor-type=\"wp-page\" data-elementor-id=\"2473\" class=\"elementor elementor-2473 elementor-726\" data-elementor-post-type=\"page\">\n\t\t\t\t<div class=\"elementor-element elementor-element-4991ed4d e-flex e-con-boxed e-con e-parent\" data-id=\"4991ed4d\" data-element_type=\"container\" data-e-type=\"container\" data-settings=\"{&quot;background_background&quot;:&quot;classic&quot;}\">\n\t\t\t\t\t<div class=\"e-con-inner\">\n\t\t<div class=\"elementor-element elementor-element-40ae7e04 e-con-full e-flex e-con e-child\" data-id=\"40ae7e04\" data-element_type=\"container\" data-e-type=\"container\">\n\t\t\t\t<div class=\"elementor-element elementor-element-3b4c317f elementor-widget elementor-widget-text-editor\" data-id=\"3b4c317f\" data-element_type=\"widget\" data-e-type=\"widget\" data-widget_type=\"text-editor.default\">\n\t\t\t\t<div class=\"elementor-widget-container\">\n\t\t\t\t\t\t\t\t\t<p><span style=\"color: #ffffff;\"><a style=\"color: #ffffff;\" href=\"https:\/\/rks.uniri.hr\/en\/\">Homepage<\/a> \/ <a style=\"color: #ffffff;\" href=\"https:\/\/rks.uniri.hr\/en\/courses\/\"><strong>Courses<\/strong><\/a><\/span><\/p>\t\t\t\t\t\t\t\t<\/div>\n\t\t\t\t<\/div>\n\t\t\t\t<div class=\"elementor-element elementor-element-34367907 elementor-widget elementor-widget-text-editor\" data-id=\"34367907\" data-element_type=\"widget\" data-e-type=\"widget\" data-widget_type=\"text-editor.default\">\n\t\t\t\t<div class=\"elementor-widget-container\">\n\t\t\t\t\t\t\t\t\t<p style=\"margin: auto;\">MDU Scholarship Holders<\/p>\t\t\t\t\t\t\t\t<\/div>\n\t\t\t\t<\/div>\n\t\t\t\t<\/div>\n\t\t\t\t\t<\/div>\n\t\t\t\t<\/div>\n\t\t<div class=\"elementor-element elementor-element-2a0b0726 e-flex e-con-boxed e-con e-parent\" data-id=\"2a0b0726\" data-element_type=\"container\" data-e-type=\"container\">\n\t\t\t\t\t<div class=\"e-con-inner\">\n\t\t<div class=\"elementor-element elementor-element-64c6b71f e-con-full e-flex e-con e-child\" data-id=\"64c6b71f\" data-element_type=\"container\" data-e-type=\"container\">\n\t\t\t\t<div class=\"elementor-element elementor-element-3fe07c75 elementor-widget elementor-widget-text-editor\" data-id=\"3fe07c75\" data-element_type=\"widget\" data-e-type=\"widget\" data-widget_type=\"text-editor.default\">\n\t\t\t\t<div class=\"elementor-widget-container\">\n\t\t\t\t\t\t\t\t\t<p class=\"p1\">The Rijeka School of Croatian Studies organizes and conducts Croatian language and culture instruction for scholarship holders of the Ministry of Demography and Immigration. All heritage speakers of Croatian are eligible to participate in the programme.<\/p>\t\t\t\t\t\t\t\t<\/div>\n\t\t\t\t<\/div>\n\t\t\t\t<\/div>\n\t\t<div class=\"elementor-element elementor-element-3e2431a5 e-con-full e-flex e-con e-child\" data-id=\"3e2431a5\" data-element_type=\"container\" data-e-type=\"container\">\n\t\t<div class=\"elementor-element elementor-element-63eb58ea e-con-full e-flex e-con e-child\" data-id=\"63eb58ea\" data-element_type=\"container\" data-e-type=\"container\" data-settings=\"{&quot;background_background&quot;:&quot;classic&quot;}\">\n\t\t\t\t<div class=\"elementor-element elementor-element-36c6336f elementor-widget elementor-widget-text-editor\" data-id=\"36c6336f\" data-element_type=\"widget\" data-e-type=\"widget\" data-widget_type=\"text-editor.default\">\n\t\t\t\t<div class=\"elementor-widget-container\">\n\t\t\t\t\t\t\t\t\t<p class=\"p1\"><strong>Application procedures<\/strong> and current semester timetables are available in the <span style=\"text-decoration: underline; color: #47c6e6;\"><strong><a style=\"color: #47c6e6; text-decoration: underline;\" href=\"https:\/\/rks.uniri.hr\/en\/news\/\">News section.<\/a><\/strong><\/span><\/p>\t\t\t\t\t\t\t\t<\/div>\n\t\t\t\t<\/div>\n\t\t\t\t<div class=\"elementor-element elementor-element-2c7059f6 elementor-absolute elementor-widget elementor-widget-image\" data-id=\"2c7059f6\" data-element_type=\"widget\" data-e-type=\"widget\" data-settings=\"{&quot;_position&quot;:&quot;absolute&quot;}\" data-widget_type=\"image.default\">\n\t\t\t\t<div class=\"elementor-widget-container\">\n\t\t\t\t\t\t\t\t\t\t\t\t\t\t\t<img fetchpriority=\"high\" decoding=\"async\" width=\"319\" height=\"332\" src=\"https:\/\/rks.uniri.hr\/wp-content\/uploads\/2025\/05\/Group-11.png\" class=\"attachment-large size-large wp-image-2460\" alt=\"\" srcset=\"https:\/\/rks.uniri.hr\/wp-content\/uploads\/2025\/05\/Group-11.png 319w, https:\/\/rks.uniri.hr\/wp-content\/uploads\/2025\/05\/Group-11-288x300.png 288w\" sizes=\"(max-width: 319px) 100vw, 319px\" \/>\t\t\t\t\t\t\t\t\t\t\t\t\t\t\t<\/div>\n\t\t\t\t<\/div>\n\t\t\t\t<\/div>\n\t\t<div class=\"elementor-element elementor-element-5e4467c1 e-con-full elementor-hidden-desktop elementor-hidden-tablet elementor-hidden-mobile e-flex e-con e-child\" data-id=\"5e4467c1\" data-element_type=\"container\" data-e-type=\"container\" data-settings=\"{&quot;background_background&quot;:&quot;classic&quot;}\">\n\t\t\t\t<div class=\"elementor-element elementor-element-71b74eea elementor-widget elementor-widget-text-editor\" data-id=\"71b74eea\" data-element_type=\"widget\" data-e-type=\"widget\" data-widget_type=\"text-editor.default\">\n\t\t\t\t<div class=\"elementor-widget-container\">\n\t\t\t\t\t\t\t\t\t<p class=\"p1\">The program can be delivered live, <i><strong>online,<\/strong><\/i> and <strong>hybrid<\/strong>, depending on the specific group of participants who have expressed interest in attending it.<\/p>\t\t\t\t\t\t\t\t<\/div>\n\t\t\t\t<\/div>\n\t\t\t\t<div class=\"elementor-element elementor-element-3417c406 elementor-absolute elementor-hidden-desktop elementor-hidden-tablet elementor-hidden-mobile elementor-widget elementor-widget-image\" data-id=\"3417c406\" data-element_type=\"widget\" data-e-type=\"widget\" data-settings=\"{&quot;_position&quot;:&quot;absolute&quot;}\" data-widget_type=\"image.default\">\n\t\t\t\t<div class=\"elementor-widget-container\">\n\t\t\t\t\t\t\t\t\t\t\t\t\t\t\t<img fetchpriority=\"high\" decoding=\"async\" width=\"319\" height=\"332\" src=\"https:\/\/rks.uniri.hr\/wp-content\/uploads\/2025\/05\/Group-11.png\" class=\"attachment-large size-large wp-image-2460\" alt=\"\" srcset=\"https:\/\/rks.uniri.hr\/wp-content\/uploads\/2025\/05\/Group-11.png 319w, https:\/\/rks.uniri.hr\/wp-content\/uploads\/2025\/05\/Group-11-288x300.png 288w\" sizes=\"(max-width: 319px) 100vw, 319px\" \/>\t\t\t\t\t\t\t\t\t\t\t\t\t\t\t<\/div>\n\t\t\t\t<\/div>\n\t\t\t\t<\/div>\n\t\t\t\t<\/div>\n\t\t\t\t\t<\/div>\n\t\t\t\t<\/div>\n\t\t\t\t<\/div>\n\t\t","protected":false},"excerpt":{"rendered":"<p>Homepage \/ Courses MDU Scholarship Holders The Rijeka School of Croatian Studies organizes and conducts Croatian language and culture instruction for scholarship holders of the Ministry of Demography and Immigration. All heritage speakers of Croatian are eligible to participate in the programme. Application procedures and current semester timetables are available in the News section. The [&hellip;]<\/p>\n","protected":false},"author":2,"featured_media":2462,"parent":0,"menu_order":0,"comment_status":"closed","ping_status":"closed","template":"","meta":{"footnotes":""},"class_list":["post-2473","page","type-page","status-publish","has-post-thumbnail","hentry"],"yoast_head":"<!-- This site is optimized with the Yoast SEO plugin v27.3 - https:\/\/yoast.com\/product\/yoast-seo-wordpress\/ -->\n<title>MDU Scholarship Holders | Rijeka School of Croatian Studies<\/title>\n<meta name=\"description\" content=\"The Rijeka School of Croatian Studies organizes and conducts Croatian language and culture instruction for scholarship holders of the Ministry of Demography and Immigration.\" \/>\n<meta name=\"robots\" content=\"index, follow, max-snippet:-1, max-image-preview:large, max-video-preview:-1\" \/>\n<link rel=\"canonical\" href=\"https:\/\/rks.uniri.hr\/en\/mdu-scholarship-holders\/\" \/>\n<meta property=\"og:locale\" content=\"en_US\" \/>\n<meta property=\"og:type\" content=\"article\" \/>\n<meta property=\"og:title\" content=\"MDU Scholarship Holders | Rijeka School of Croatian Studies\" \/>\n<meta property=\"og:description\" content=\"The Rijeka School of Croatian Studies organizes and conducts Croatian language and culture instruction for scholarship holders of the Ministry of Demography and Immigration.\" \/>\n<meta property=\"og:url\" content=\"https:\/\/rks.uniri.hr\/en\/mdu-scholarship-holders\/\" \/>\n<meta property=\"og:site_name\" content=\"Rije\u010dka kroatisti\u010dka \u0161kola\" \/>\n<meta property=\"article:modified_time\" content=\"2025-09-17T09:50:21+00:00\" \/>\n<meta property=\"og:image\" content=\"https:\/\/rks.uniri.hr\/wp-content\/uploads\/2025\/07\/Group-1.jpg\" \/>\n\t<meta property=\"og:image:width\" content=\"964\" \/>\n\t<meta property=\"og:image:height\" content=\"974\" \/>\n\t<meta property=\"og:image:type\" content=\"image\/jpeg\" \/>\n<meta name=\"twitter:card\" content=\"summary_large_image\" \/>\n<script type=\"application\/ld+json\" class=\"yoast-schema-graph\">{\"@context\":\"https:\\\/\\\/schema.org\",\"@graph\":[{\"@type\":\"WebPage\",\"@id\":\"https:\\\/\\\/rks.uniri.hr\\\/en\\\/mdu-scholarship-holders\\\/\",\"url\":\"https:\\\/\\\/rks.uniri.hr\\\/en\\\/mdu-scholarship-holders\\\/\",\"name\":\"MDU Scholarship Holders | Rijeka School of Croatian Studies\",\"isPartOf\":{\"@id\":\"https:\\\/\\\/rks.uniri.hr\\\/en\\\/#website\"},\"primaryImageOfPage\":{\"@id\":\"https:\\\/\\\/rks.uniri.hr\\\/en\\\/mdu-scholarship-holders\\\/#primaryimage\"},\"image\":{\"@id\":\"https:\\\/\\\/rks.uniri.hr\\\/en\\\/mdu-scholarship-holders\\\/#primaryimage\"},\"thumbnailUrl\":\"https:\\\/\\\/rks.uniri.hr\\\/wp-content\\\/uploads\\\/2025\\\/07\\\/Group-1.jpg\",\"datePublished\":\"2025-05-27T12:01:57+00:00\",\"dateModified\":\"2025-09-17T09:50:21+00:00\",\"description\":\"The Rijeka School of Croatian Studies organizes and conducts Croatian language and culture instruction for scholarship holders of the Ministry of Demography and Immigration.\",\"breadcrumb\":{\"@id\":\"https:\\\/\\\/rks.uniri.hr\\\/en\\\/mdu-scholarship-holders\\\/#breadcrumb\"},\"inLanguage\":\"en-US\",\"potentialAction\":[{\"@type\":\"ReadAction\",\"target\":[\"https:\\\/\\\/rks.uniri.hr\\\/en\\\/mdu-scholarship-holders\\\/\"]}]},{\"@type\":\"ImageObject\",\"inLanguage\":\"en-US\",\"@id\":\"https:\\\/\\\/rks.uniri.hr\\\/en\\\/mdu-scholarship-holders\\\/#primaryimage\",\"url\":\"https:\\\/\\\/rks.uniri.hr\\\/wp-content\\\/uploads\\\/2025\\\/07\\\/Group-1.jpg\",\"contentUrl\":\"https:\\\/\\\/rks.uniri.hr\\\/wp-content\\\/uploads\\\/2025\\\/07\\\/Group-1.jpg\",\"width\":964,\"height\":974},{\"@type\":\"BreadcrumbList\",\"@id\":\"https:\\\/\\\/rks.uniri.hr\\\/en\\\/mdu-scholarship-holders\\\/#breadcrumb\",\"itemListElement\":[{\"@type\":\"ListItem\",\"position\":1,\"name\":\"Po\u010detna stranica\",\"item\":\"https:\\\/\\\/rks.uniri.hr\\\/en\\\/\"},{\"@type\":\"ListItem\",\"position\":2,\"name\":\"MDU Scholarship Holders\"}]},{\"@type\":\"WebSite\",\"@id\":\"https:\\\/\\\/rks.uniri.hr\\\/en\\\/#website\",\"url\":\"https:\\\/\\\/rks.uniri.hr\\\/en\\\/\",\"name\":\"Rije\u010dka kroatisti\u010dka \u0161kola\",\"description\":\"\",\"publisher\":{\"@id\":\"https:\\\/\\\/rks.uniri.hr\\\/en\\\/#organization\"},\"potentialAction\":[{\"@type\":\"SearchAction\",\"target\":{\"@type\":\"EntryPoint\",\"urlTemplate\":\"https:\\\/\\\/rks.uniri.hr\\\/en\\\/?s={search_term_string}\"},\"query-input\":{\"@type\":\"PropertyValueSpecification\",\"valueRequired\":true,\"valueName\":\"search_term_string\"}}],\"inLanguage\":\"en-US\"},{\"@type\":\"Organization\",\"@id\":\"https:\\\/\\\/rks.uniri.hr\\\/en\\\/#organization\",\"name\":\"Rije\u010dka kroatisti\u010dka \u0161kola\",\"url\":\"https:\\\/\\\/rks.uniri.hr\\\/en\\\/\",\"logo\":{\"@type\":\"ImageObject\",\"inLanguage\":\"en-US\",\"@id\":\"https:\\\/\\\/rks.uniri.hr\\\/en\\\/#\\\/schema\\\/logo\\\/image\\\/\",\"url\":\"https:\\\/\\\/rks.uniri.hr\\\/wp-content\\\/uploads\\\/2025\\\/05\\\/RKS\u030c-logo-white-HR-1.png\",\"contentUrl\":\"https:\\\/\\\/rks.uniri.hr\\\/wp-content\\\/uploads\\\/2025\\\/05\\\/RKS\u030c-logo-white-HR-1.png\",\"width\":126,\"height\":109,\"caption\":\"Rije\u010dka kroatisti\u010dka \u0161kola\"},\"image\":{\"@id\":\"https:\\\/\\\/rks.uniri.hr\\\/en\\\/#\\\/schema\\\/logo\\\/image\\\/\"}}]}<\/script>\n<!-- \/ Yoast SEO plugin. -->","yoast_head_json":{"title":"MDU Scholarship Holders | Rijeka School of Croatian Studies","description":"The Rijeka School of Croatian Studies organizes and conducts Croatian language and culture instruction for scholarship holders of the Ministry of Demography and Immigration.","robots":{"index":"index","follow":"follow","max-snippet":"max-snippet:-1","max-image-preview":"max-image-preview:large","max-video-preview":"max-video-preview:-1"},"canonical":"https:\/\/rks.uniri.hr\/en\/mdu-scholarship-holders\/","og_locale":"en_US","og_type":"article","og_title":"MDU Scholarship Holders | Rijeka School of Croatian Studies","og_description":"The Rijeka School of Croatian Studies organizes and conducts Croatian language and culture instruction for scholarship holders of the Ministry of Demography and Immigration.","og_url":"https:\/\/rks.uniri.hr\/en\/mdu-scholarship-holders\/","og_site_name":"Rije\u010dka kroatisti\u010dka \u0161kola","article_modified_time":"2025-09-17T09:50:21+00:00","og_image":[{"width":964,"height":974,"url":"https:\/\/rks.uniri.hr\/wp-content\/uploads\/2025\/07\/Group-1.jpg","type":"image\/jpeg"}],"twitter_card":"summary_large_image","schema":{"@context":"https:\/\/schema.org","@graph":[{"@type":"WebPage","@id":"https:\/\/rks.uniri.hr\/en\/mdu-scholarship-holders\/","url":"https:\/\/rks.uniri.hr\/en\/mdu-scholarship-holders\/","name":"MDU Scholarship Holders | Rijeka School of Croatian Studies","isPartOf":{"@id":"https:\/\/rks.uniri.hr\/en\/#website"},"primaryImageOfPage":{"@id":"https:\/\/rks.uniri.hr\/en\/mdu-scholarship-holders\/#primaryimage"},"image":{"@id":"https:\/\/rks.uniri.hr\/en\/mdu-scholarship-holders\/#primaryimage"},"thumbnailUrl":"https:\/\/rks.uniri.hr\/wp-content\/uploads\/2025\/07\/Group-1.jpg","datePublished":"2025-05-27T12:01:57+00:00","dateModified":"2025-09-17T09:50:21+00:00","description":"The Rijeka School of Croatian Studies organizes and conducts Croatian language and culture instruction for scholarship holders of the Ministry of Demography and Immigration.","breadcrumb":{"@id":"https:\/\/rks.uniri.hr\/en\/mdu-scholarship-holders\/#breadcrumb"},"inLanguage":"en-US","potentialAction":[{"@type":"ReadAction","target":["https:\/\/rks.uniri.hr\/en\/mdu-scholarship-holders\/"]}]},{"@type":"ImageObject","inLanguage":"en-US","@id":"https:\/\/rks.uniri.hr\/en\/mdu-scholarship-holders\/#primaryimage","url":"https:\/\/rks.uniri.hr\/wp-content\/uploads\/2025\/07\/Group-1.jpg","contentUrl":"https:\/\/rks.uniri.hr\/wp-content\/uploads\/2025\/07\/Group-1.jpg","width":964,"height":974},{"@type":"BreadcrumbList","@id":"https:\/\/rks.uniri.hr\/en\/mdu-scholarship-holders\/#breadcrumb","itemListElement":[{"@type":"ListItem","position":1,"name":"Po\u010detna stranica","item":"https:\/\/rks.uniri.hr\/en\/"},{"@type":"ListItem","position":2,"name":"MDU Scholarship Holders"}]},{"@type":"WebSite","@id":"https:\/\/rks.uniri.hr\/en\/#website","url":"https:\/\/rks.uniri.hr\/en\/","name":"Rije\u010dka kroatisti\u010dka \u0161kola","description":"","publisher":{"@id":"https:\/\/rks.uniri.hr\/en\/#organization"},"potentialAction":[{"@type":"SearchAction","target":{"@type":"EntryPoint","urlTemplate":"https:\/\/rks.uniri.hr\/en\/?s={search_term_string}"},"query-input":{"@type":"PropertyValueSpecification","valueRequired":true,"valueName":"search_term_string"}}],"inLanguage":"en-US"},{"@type":"Organization","@id":"https:\/\/rks.uniri.hr\/en\/#organization","name":"Rije\u010dka kroatisti\u010dka \u0161kola","url":"https:\/\/rks.uniri.hr\/en\/","logo":{"@type":"ImageObject","inLanguage":"en-US","@id":"https:\/\/rks.uniri.hr\/en\/#\/schema\/logo\/image\/","url":"https:\/\/rks.uniri.hr\/wp-content\/uploads\/2025\/05\/RKS\u030c-logo-white-HR-1.png","contentUrl":"https:\/\/rks.uniri.hr\/wp-content\/uploads\/2025\/05\/RKS\u030c-logo-white-HR-1.png","width":126,"height":109,"caption":"Rije\u010dka kroatisti\u010dka \u0161kola"},"image":{"@id":"https:\/\/rks.uniri.hr\/en\/#\/schema\/logo\/image\/"}}]}},"_links":{"self":[{"href":"https:\/\/rks.uniri.hr\/en\/wp-json\/wp\/v2\/pages\/2473","targetHints":{"allow":["GET"]}}],"collection":[{"href":"https:\/\/rks.uniri.hr\/en\/wp-json\/wp\/v2\/pages"}],"about":[{"href":"https:\/\/rks.uniri.hr\/en\/wp-json\/wp\/v2\/types\/page"}],"author":[{"embeddable":true,"href":"https:\/\/rks.uniri.hr\/en\/wp-json\/wp\/v2\/users\/2"}],"replies":[{"embeddable":true,"href":"https:\/\/rks.uniri.hr\/en\/wp-json\/wp\/v2\/comments?post=2473"}],"version-history":[{"count":2,"href":"https:\/\/rks.uniri.hr\/en\/wp-json\/wp\/v2\/pages\/2473\/revisions"}],"predecessor-version":[{"id":2504,"href":"https:\/\/rks.uniri.hr\/en\/wp-json\/wp\/v2\/pages\/2473\/revisions\/2504"}],"wp:featuredmedia":[{"embeddable":true,"href":"https:\/\/rks.uniri.hr\/en\/wp-json\/wp\/v2\/media\/2462"}],"wp:attachment":[{"href":"https:\/\/rks.uniri.hr\/en\/wp-json\/wp\/v2\/media?parent=2473"}],"curies":[{"name":"wp","href":"https:\/\/api.w.org\/{rel}","templated":true}]}}