{"id":2471,"date":"2025-05-27T11:47:52","date_gmt":"2025-05-27T11:47:52","guid":{"rendered":"https:\/\/rks.uniri.hr\/teaching-croatian-as-a-second-and-foreign-language-for-students-of-the-faculty-of-medicine-in-rijeka\/"},"modified":"2025-09-17T09:50:21","modified_gmt":"2025-09-17T09:50:21","slug":"teaching-croatian-as-a-second-and-foreign-language-for-students-of-the-faculty-of-medicine-in-rijeka","status":"publish","type":"page","link":"https:\/\/rks.uniri.hr\/en\/teaching-croatian-as-a-second-and-foreign-language-for-students-of-the-faculty-of-medicine-in-rijeka\/","title":{"rendered":"Teaching Croatian as a Second and Foreign Language for Students of the Faculty of Medicine in Rijeka"},"content":{"rendered":"\t\t<div data-elementor-type=\"wp-page\" data-elementor-id=\"2471\" class=\"elementor elementor-2471 elementor-705\" data-elementor-post-type=\"page\">\n\t\t\t\t<div class=\"elementor-element elementor-element-369e5c32 e-flex e-con-boxed e-con e-parent\" data-id=\"369e5c32\" data-element_type=\"container\" data-e-type=\"container\" data-settings=\"{&quot;background_background&quot;:&quot;classic&quot;}\">\n\t\t\t\t\t<div class=\"e-con-inner\">\n\t\t<div class=\"elementor-element elementor-element-606e4aec e-con-full e-flex e-con e-child\" data-id=\"606e4aec\" data-element_type=\"container\" data-e-type=\"container\">\n\t\t\t\t<div class=\"elementor-element elementor-element-3b20992d elementor-widget elementor-widget-text-editor\" data-id=\"3b20992d\" data-element_type=\"widget\" data-e-type=\"widget\" data-widget_type=\"text-editor.default\">\n\t\t\t\t<div class=\"elementor-widget-container\">\n\t\t\t\t\t\t\t\t\t<p><span style=\"color: #ffffff;\"><a style=\"color: #ffffff;\" href=\"https:\/\/rks.uniri.hr\/en\/\">Homepage<\/a> \/ <a style=\"color: #ffffff;\" href=\"https:\/\/rks.uniri.hr\/en\/courses\/\"><strong>Courses<\/strong><\/a><\/span><\/p>\t\t\t\t\t\t\t\t<\/div>\n\t\t\t\t<\/div>\n\t\t\t\t<div class=\"elementor-element elementor-element-4cba9210 elementor-widget elementor-widget-text-editor\" data-id=\"4cba9210\" data-element_type=\"widget\" data-e-type=\"widget\" data-widget_type=\"text-editor.default\">\n\t\t\t\t<div class=\"elementor-widget-container\">\n\t\t\t\t\t\t\t\t\t<p style=\"margin: auto;\">Teaching Croatian as a Second and Foreign Language for Students of the Faculty of Medicine in Rijeka<\/p>\t\t\t\t\t\t\t\t<\/div>\n\t\t\t\t<\/div>\n\t\t\t\t<\/div>\n\t\t\t\t\t<\/div>\n\t\t\t\t<\/div>\n\t\t<div class=\"elementor-element elementor-element-6c9c991e e-flex e-con-boxed e-con e-parent\" data-id=\"6c9c991e\" data-element_type=\"container\" data-e-type=\"container\">\n\t\t\t\t\t<div class=\"e-con-inner\">\n\t\t<div class=\"elementor-element elementor-element-4b6e06ca e-con-full e-flex e-con e-child\" data-id=\"4b6e06ca\" data-element_type=\"container\" data-e-type=\"container\">\n\t\t\t\t<div class=\"elementor-element elementor-element-75824188 elementor-widget elementor-widget-text-editor\" data-id=\"75824188\" data-element_type=\"widget\" data-e-type=\"widget\" data-widget_type=\"text-editor.default\">\n\t\t\t\t<div class=\"elementor-widget-container\">\n\t\t\t\t\t\t\t\t\t<p class=\"p1\"><span class=\"s1\">The Rijeka School of Croatian Studies organizes and delivers courses in Croatian as a second language for students of Medical studies in English at the Faculty of Medicine in Rijeka. The courses comprise <strong>60 hours per semester<\/strong> and include professional\/subject-specific language as well as preparation for communication within the framework of clinical practice.<\/span><\/p>\t\t\t\t\t\t\t\t<\/div>\n\t\t\t\t<\/div>\n\t\t\t\t<\/div>\n\t\t<div class=\"elementor-element elementor-element-7adfef0e e-con-full e-flex e-con e-child\" data-id=\"7adfef0e\" data-element_type=\"container\" data-e-type=\"container\">\n\t\t<div class=\"elementor-element elementor-element-216b364f e-con-full e-flex e-con e-child\" data-id=\"216b364f\" data-element_type=\"container\" data-e-type=\"container\" data-settings=\"{&quot;background_background&quot;:&quot;classic&quot;}\">\n\t\t\t\t<div class=\"elementor-element elementor-element-2b479d4a elementor-widget elementor-widget-text-editor\" data-id=\"2b479d4a\" data-element_type=\"widget\" data-e-type=\"widget\" data-widget_type=\"text-editor.default\">\n\t\t\t\t<div class=\"elementor-widget-container\">\n\t\t\t\t\t\t\t\t\t<p class=\"p1\"><strong>Application procedures<\/strong> and current semester timetables are available in the <span style=\"text-decoration: underline; color: #47c6e6;\"><strong><a style=\"color: #47c6e6; text-decoration: underline;\" href=\"https:\/\/rks.uniri.hr\/en\/news\/\">News section.<\/a><\/strong><\/span><\/p>\t\t\t\t\t\t\t\t<\/div>\n\t\t\t\t<\/div>\n\t\t\t\t<div class=\"elementor-element elementor-element-670b9e elementor-absolute elementor-widget elementor-widget-image\" data-id=\"670b9e\" data-element_type=\"widget\" data-e-type=\"widget\" data-settings=\"{&quot;_position&quot;:&quot;absolute&quot;}\" data-widget_type=\"image.default\">\n\t\t\t\t<div class=\"elementor-widget-container\">\n\t\t\t\t\t\t\t\t\t\t\t\t\t\t\t<img fetchpriority=\"high\" decoding=\"async\" width=\"319\" height=\"332\" src=\"https:\/\/rks.uniri.hr\/wp-content\/uploads\/2025\/05\/Group-11.png\" class=\"attachment-large size-large wp-image-2460\" alt=\"\" srcset=\"https:\/\/rks.uniri.hr\/wp-content\/uploads\/2025\/05\/Group-11.png 319w, https:\/\/rks.uniri.hr\/wp-content\/uploads\/2025\/05\/Group-11-288x300.png 288w\" sizes=\"(max-width: 319px) 100vw, 319px\" \/>\t\t\t\t\t\t\t\t\t\t\t\t\t\t\t<\/div>\n\t\t\t\t<\/div>\n\t\t\t\t<\/div>\n\t\t<div class=\"elementor-element elementor-element-36770030 e-con-full elementor-hidden-desktop elementor-hidden-tablet elementor-hidden-mobile e-flex e-con e-child\" data-id=\"36770030\" data-element_type=\"container\" data-e-type=\"container\" data-settings=\"{&quot;background_background&quot;:&quot;classic&quot;}\">\n\t\t\t\t<div class=\"elementor-element elementor-element-5c4d8195 elementor-widget elementor-widget-text-editor\" data-id=\"5c4d8195\" data-element_type=\"widget\" data-e-type=\"widget\" data-widget_type=\"text-editor.default\">\n\t\t\t\t<div class=\"elementor-widget-container\">\n\t\t\t\t\t\t\t\t\t<p class=\"p1\">The program can be delivered live, <i><strong>online,<\/strong><\/i> and <strong>hybrid<\/strong>, depending on the specific group of participants who have expressed interest in attending it.<\/p>\t\t\t\t\t\t\t\t<\/div>\n\t\t\t\t<\/div>\n\t\t\t\t<div class=\"elementor-element elementor-element-7d28c331 elementor-absolute elementor-hidden-desktop elementor-hidden-tablet elementor-hidden-mobile elementor-widget elementor-widget-image\" data-id=\"7d28c331\" data-element_type=\"widget\" data-e-type=\"widget\" data-settings=\"{&quot;_position&quot;:&quot;absolute&quot;}\" data-widget_type=\"image.default\">\n\t\t\t\t<div class=\"elementor-widget-container\">\n\t\t\t\t\t\t\t\t\t\t\t\t\t\t\t<img fetchpriority=\"high\" decoding=\"async\" width=\"319\" height=\"332\" src=\"https:\/\/rks.uniri.hr\/wp-content\/uploads\/2025\/05\/Group-11.png\" class=\"attachment-large size-large wp-image-2460\" alt=\"\" srcset=\"https:\/\/rks.uniri.hr\/wp-content\/uploads\/2025\/05\/Group-11.png 319w, https:\/\/rks.uniri.hr\/wp-content\/uploads\/2025\/05\/Group-11-288x300.png 288w\" sizes=\"(max-width: 319px) 100vw, 319px\" \/>\t\t\t\t\t\t\t\t\t\t\t\t\t\t\t<\/div>\n\t\t\t\t<\/div>\n\t\t\t\t<\/div>\n\t\t\t\t<\/div>\n\t\t\t\t\t<\/div>\n\t\t\t\t<\/div>\n\t\t<div class=\"elementor-element elementor-element-5685db62 e-flex e-con-boxed e-con e-parent\" data-id=\"5685db62\" data-element_type=\"container\" data-e-type=\"container\">\n\t\t\t\t\t<div class=\"e-con-inner\">\n\t\t<div class=\"elementor-element elementor-element-4dd63fdb e-con-full e-flex e-con e-child\" data-id=\"4dd63fdb\" data-element_type=\"container\" data-e-type=\"container\" data-settings=\"{&quot;background_background&quot;:&quot;classic&quot;}\">\n\t\t\t\t<div class=\"elementor-element elementor-element-2953bc66 elementor-widget elementor-widget-text-editor\" data-id=\"2953bc66\" data-element_type=\"widget\" data-e-type=\"widget\" data-widget_type=\"text-editor.default\">\n\t\t\t\t<div class=\"elementor-widget-container\">\n\t\t\t\t\t\t\t\t\t<p style=\"margin: auto;\">Open the door to the world of language and literature \u2013 find out more about enrolling in the Rijeka Croatian School!<\/p>\t\t\t\t\t\t\t\t<\/div>\n\t\t\t\t<\/div>\n\t\t\t\t<div class=\"elementor-element elementor-element-4dd1affb elementor-widget elementor-widget-button\" data-id=\"4dd1affb\" data-element_type=\"widget\" data-e-type=\"widget\" data-widget_type=\"button.default\">\n\t\t\t\t<div class=\"elementor-widget-container\">\n\t\t\t\t\t\t\t\t\t<div class=\"elementor-button-wrapper\">\n\t\t\t\t\t<a class=\"elementor-button elementor-button-link elementor-size-sm\" href=\"\/upisi\">\n\t\t\t\t\t\t<span class=\"elementor-button-content-wrapper\">\n\t\t\t\t\t\t<span class=\"elementor-button-icon\">\n\t\t\t\t<svg aria-hidden=\"true\" class=\"e-font-icon-svg e-fas-arrow-right\" viewBox=\"0 0 448 512\" xmlns=\"http:\/\/www.w3.org\/2000\/svg\"><path d=\"M190.5 66.9l22.2-22.2c9.4-9.4 24.6-9.4 33.9 0L441 239c9.4 9.4 9.4 24.6 0 33.9L246.6 467.3c-9.4 9.4-24.6 9.4-33.9 0l-22.2-22.2c-9.5-9.5-9.3-25 .4-34.3L311.4 296H24c-13.3 0-24-10.7-24-24v-32c0-13.3 10.7-24 24-24h287.4L190.9 101.2c-9.8-9.3-10-24.8-.4-34.3z\"><\/path><\/svg>\t\t\t<\/span>\n\t\t\t\t\t\t\t\t\t<span class=\"elementor-button-text\">More about registrations<\/span>\n\t\t\t\t\t<\/span>\n\t\t\t\t\t<\/a>\n\t\t\t\t<\/div>\n\t\t\t\t\t\t\t\t<\/div>\n\t\t\t\t<\/div>\n\t\t\t\t<\/div>\n\t\t<div class=\"elementor-element elementor-element-65795dea e-con-full e-flex e-con e-child\" data-id=\"65795dea\" data-element_type=\"container\" data-e-type=\"container\" data-settings=\"{&quot;background_background&quot;:&quot;classic&quot;}\">\n\t\t\t\t<\/div>\n\t\t\t\t\t<\/div>\n\t\t\t\t<\/div>\n\t\t\t\t<\/div>\n\t\t","protected":false},"excerpt":{"rendered":"<p>Homepage \/ Courses Teaching Croatian as a Second and Foreign Language for Students of the Faculty of Medicine in Rijeka The Rijeka School of Croatian Studies organizes and delivers courses in Croatian as a second language for students of Medical studies in English at the Faculty of Medicine in Rijeka. The courses comprise 60 hours [&hellip;]<\/p>\n","protected":false},"author":2,"featured_media":2462,"parent":0,"menu_order":0,"comment_status":"closed","ping_status":"closed","template":"","meta":{"footnotes":""},"class_list":["post-2471","page","type-page","status-publish","has-post-thumbnail","hentry"],"yoast_head":"<!-- This site is optimized with the Yoast SEO plugin v27.3 - https:\/\/yoast.com\/product\/yoast-seo-wordpress\/ -->\n<title>Teaching Croatian as a Second and Foreign Language for Students of the Faculty of Medicine in Rijeka<\/title>\n<meta name=\"description\" content=\"Rijeka Croatian Studies teaches Croatian to English Medicine students.\" \/>\n<meta name=\"robots\" content=\"index, follow, max-snippet:-1, max-image-preview:large, max-video-preview:-1\" \/>\n<link rel=\"canonical\" href=\"https:\/\/rks.uniri.hr\/en\/teaching-croatian-as-a-second-and-foreign-language-for-students-of-the-faculty-of-medicine-in-rijeka\/\" \/>\n<meta property=\"og:locale\" content=\"en_US\" \/>\n<meta property=\"og:type\" content=\"article\" \/>\n<meta property=\"og:title\" content=\"Teaching Croatian as a Second and Foreign Language for Students of the Faculty of Medicine in Rijeka\" \/>\n<meta property=\"og:description\" content=\"Rijeka Croatian Studies teaches Croatian to English Medicine students.\" \/>\n<meta property=\"og:url\" content=\"https:\/\/rks.uniri.hr\/en\/teaching-croatian-as-a-second-and-foreign-language-for-students-of-the-faculty-of-medicine-in-rijeka\/\" \/>\n<meta property=\"og:site_name\" content=\"Rije\u010dka kroatisti\u010dka \u0161kola\" \/>\n<meta property=\"article:modified_time\" content=\"2025-09-17T09:50:21+00:00\" \/>\n<meta property=\"og:image\" content=\"https:\/\/rks.uniri.hr\/wp-content\/uploads\/2025\/07\/Group-1.jpg\" \/>\n\t<meta property=\"og:image:width\" content=\"964\" \/>\n\t<meta property=\"og:image:height\" content=\"974\" \/>\n\t<meta property=\"og:image:type\" content=\"image\/jpeg\" \/>\n<meta name=\"twitter:card\" content=\"summary_large_image\" \/>\n<meta name=\"twitter:label1\" content=\"Est. reading time\" \/>\n\t<meta name=\"twitter:data1\" content=\"1 minute\" \/>\n<script type=\"application\/ld+json\" class=\"yoast-schema-graph\">{\"@context\":\"https:\\\/\\\/schema.org\",\"@graph\":[{\"@type\":\"WebPage\",\"@id\":\"https:\\\/\\\/rks.uniri.hr\\\/en\\\/teaching-croatian-as-a-second-and-foreign-language-for-students-of-the-faculty-of-medicine-in-rijeka\\\/\",\"url\":\"https:\\\/\\\/rks.uniri.hr\\\/en\\\/teaching-croatian-as-a-second-and-foreign-language-for-students-of-the-faculty-of-medicine-in-rijeka\\\/\",\"name\":\"Teaching Croatian as a Second and Foreign Language for Students of the Faculty of Medicine in Rijeka\",\"isPartOf\":{\"@id\":\"https:\\\/\\\/rks.uniri.hr\\\/en\\\/#website\"},\"primaryImageOfPage\":{\"@id\":\"https:\\\/\\\/rks.uniri.hr\\\/en\\\/teaching-croatian-as-a-second-and-foreign-language-for-students-of-the-faculty-of-medicine-in-rijeka\\\/#primaryimage\"},\"image\":{\"@id\":\"https:\\\/\\\/rks.uniri.hr\\\/en\\\/teaching-croatian-as-a-second-and-foreign-language-for-students-of-the-faculty-of-medicine-in-rijeka\\\/#primaryimage\"},\"thumbnailUrl\":\"https:\\\/\\\/rks.uniri.hr\\\/wp-content\\\/uploads\\\/2025\\\/07\\\/Group-1.jpg\",\"datePublished\":\"2025-05-27T11:47:52+00:00\",\"dateModified\":\"2025-09-17T09:50:21+00:00\",\"description\":\"Rijeka Croatian Studies teaches Croatian to English Medicine students.\",\"breadcrumb\":{\"@id\":\"https:\\\/\\\/rks.uniri.hr\\\/en\\\/teaching-croatian-as-a-second-and-foreign-language-for-students-of-the-faculty-of-medicine-in-rijeka\\\/#breadcrumb\"},\"inLanguage\":\"en-US\",\"potentialAction\":[{\"@type\":\"ReadAction\",\"target\":[\"https:\\\/\\\/rks.uniri.hr\\\/en\\\/teaching-croatian-as-a-second-and-foreign-language-for-students-of-the-faculty-of-medicine-in-rijeka\\\/\"]}]},{\"@type\":\"ImageObject\",\"inLanguage\":\"en-US\",\"@id\":\"https:\\\/\\\/rks.uniri.hr\\\/en\\\/teaching-croatian-as-a-second-and-foreign-language-for-students-of-the-faculty-of-medicine-in-rijeka\\\/#primaryimage\",\"url\":\"https:\\\/\\\/rks.uniri.hr\\\/wp-content\\\/uploads\\\/2025\\\/07\\\/Group-1.jpg\",\"contentUrl\":\"https:\\\/\\\/rks.uniri.hr\\\/wp-content\\\/uploads\\\/2025\\\/07\\\/Group-1.jpg\",\"width\":964,\"height\":974},{\"@type\":\"BreadcrumbList\",\"@id\":\"https:\\\/\\\/rks.uniri.hr\\\/en\\\/teaching-croatian-as-a-second-and-foreign-language-for-students-of-the-faculty-of-medicine-in-rijeka\\\/#breadcrumb\",\"itemListElement\":[{\"@type\":\"ListItem\",\"position\":1,\"name\":\"Po\u010detna stranica\",\"item\":\"https:\\\/\\\/rks.uniri.hr\\\/en\\\/\"},{\"@type\":\"ListItem\",\"position\":2,\"name\":\"Teaching Croatian as a Second and Foreign Language for Students of the Faculty of Medicine in Rijeka\"}]},{\"@type\":\"WebSite\",\"@id\":\"https:\\\/\\\/rks.uniri.hr\\\/en\\\/#website\",\"url\":\"https:\\\/\\\/rks.uniri.hr\\\/en\\\/\",\"name\":\"Rije\u010dka kroatisti\u010dka \u0161kola\",\"description\":\"\",\"publisher\":{\"@id\":\"https:\\\/\\\/rks.uniri.hr\\\/en\\\/#organization\"},\"potentialAction\":[{\"@type\":\"SearchAction\",\"target\":{\"@type\":\"EntryPoint\",\"urlTemplate\":\"https:\\\/\\\/rks.uniri.hr\\\/en\\\/?s={search_term_string}\"},\"query-input\":{\"@type\":\"PropertyValueSpecification\",\"valueRequired\":true,\"valueName\":\"search_term_string\"}}],\"inLanguage\":\"en-US\"},{\"@type\":\"Organization\",\"@id\":\"https:\\\/\\\/rks.uniri.hr\\\/en\\\/#organization\",\"name\":\"Rije\u010dka kroatisti\u010dka \u0161kola\",\"url\":\"https:\\\/\\\/rks.uniri.hr\\\/en\\\/\",\"logo\":{\"@type\":\"ImageObject\",\"inLanguage\":\"en-US\",\"@id\":\"https:\\\/\\\/rks.uniri.hr\\\/en\\\/#\\\/schema\\\/logo\\\/image\\\/\",\"url\":\"https:\\\/\\\/rks.uniri.hr\\\/wp-content\\\/uploads\\\/2025\\\/05\\\/RKS\u030c-logo-white-HR-1.png\",\"contentUrl\":\"https:\\\/\\\/rks.uniri.hr\\\/wp-content\\\/uploads\\\/2025\\\/05\\\/RKS\u030c-logo-white-HR-1.png\",\"width\":126,\"height\":109,\"caption\":\"Rije\u010dka kroatisti\u010dka \u0161kola\"},\"image\":{\"@id\":\"https:\\\/\\\/rks.uniri.hr\\\/en\\\/#\\\/schema\\\/logo\\\/image\\\/\"}}]}<\/script>\n<!-- \/ Yoast SEO plugin. -->","yoast_head_json":{"title":"Teaching Croatian as a Second and Foreign Language for Students of the Faculty of Medicine in Rijeka","description":"Rijeka Croatian Studies teaches Croatian to English Medicine students.","robots":{"index":"index","follow":"follow","max-snippet":"max-snippet:-1","max-image-preview":"max-image-preview:large","max-video-preview":"max-video-preview:-1"},"canonical":"https:\/\/rks.uniri.hr\/en\/teaching-croatian-as-a-second-and-foreign-language-for-students-of-the-faculty-of-medicine-in-rijeka\/","og_locale":"en_US","og_type":"article","og_title":"Teaching Croatian as a Second and Foreign Language for Students of the Faculty of Medicine in Rijeka","og_description":"Rijeka Croatian Studies teaches Croatian to English Medicine students.","og_url":"https:\/\/rks.uniri.hr\/en\/teaching-croatian-as-a-second-and-foreign-language-for-students-of-the-faculty-of-medicine-in-rijeka\/","og_site_name":"Rije\u010dka kroatisti\u010dka \u0161kola","article_modified_time":"2025-09-17T09:50:21+00:00","og_image":[{"width":964,"height":974,"url":"https:\/\/rks.uniri.hr\/wp-content\/uploads\/2025\/07\/Group-1.jpg","type":"image\/jpeg"}],"twitter_card":"summary_large_image","twitter_misc":{"Est. reading time":"1 minute"},"schema":{"@context":"https:\/\/schema.org","@graph":[{"@type":"WebPage","@id":"https:\/\/rks.uniri.hr\/en\/teaching-croatian-as-a-second-and-foreign-language-for-students-of-the-faculty-of-medicine-in-rijeka\/","url":"https:\/\/rks.uniri.hr\/en\/teaching-croatian-as-a-second-and-foreign-language-for-students-of-the-faculty-of-medicine-in-rijeka\/","name":"Teaching Croatian as a Second and Foreign Language for Students of the Faculty of Medicine in Rijeka","isPartOf":{"@id":"https:\/\/rks.uniri.hr\/en\/#website"},"primaryImageOfPage":{"@id":"https:\/\/rks.uniri.hr\/en\/teaching-croatian-as-a-second-and-foreign-language-for-students-of-the-faculty-of-medicine-in-rijeka\/#primaryimage"},"image":{"@id":"https:\/\/rks.uniri.hr\/en\/teaching-croatian-as-a-second-and-foreign-language-for-students-of-the-faculty-of-medicine-in-rijeka\/#primaryimage"},"thumbnailUrl":"https:\/\/rks.uniri.hr\/wp-content\/uploads\/2025\/07\/Group-1.jpg","datePublished":"2025-05-27T11:47:52+00:00","dateModified":"2025-09-17T09:50:21+00:00","description":"Rijeka Croatian Studies teaches Croatian to English Medicine students.","breadcrumb":{"@id":"https:\/\/rks.uniri.hr\/en\/teaching-croatian-as-a-second-and-foreign-language-for-students-of-the-faculty-of-medicine-in-rijeka\/#breadcrumb"},"inLanguage":"en-US","potentialAction":[{"@type":"ReadAction","target":["https:\/\/rks.uniri.hr\/en\/teaching-croatian-as-a-second-and-foreign-language-for-students-of-the-faculty-of-medicine-in-rijeka\/"]}]},{"@type":"ImageObject","inLanguage":"en-US","@id":"https:\/\/rks.uniri.hr\/en\/teaching-croatian-as-a-second-and-foreign-language-for-students-of-the-faculty-of-medicine-in-rijeka\/#primaryimage","url":"https:\/\/rks.uniri.hr\/wp-content\/uploads\/2025\/07\/Group-1.jpg","contentUrl":"https:\/\/rks.uniri.hr\/wp-content\/uploads\/2025\/07\/Group-1.jpg","width":964,"height":974},{"@type":"BreadcrumbList","@id":"https:\/\/rks.uniri.hr\/en\/teaching-croatian-as-a-second-and-foreign-language-for-students-of-the-faculty-of-medicine-in-rijeka\/#breadcrumb","itemListElement":[{"@type":"ListItem","position":1,"name":"Po\u010detna stranica","item":"https:\/\/rks.uniri.hr\/en\/"},{"@type":"ListItem","position":2,"name":"Teaching Croatian as a Second and Foreign Language for Students of the Faculty of Medicine in Rijeka"}]},{"@type":"WebSite","@id":"https:\/\/rks.uniri.hr\/en\/#website","url":"https:\/\/rks.uniri.hr\/en\/","name":"Rije\u010dka kroatisti\u010dka \u0161kola","description":"","publisher":{"@id":"https:\/\/rks.uniri.hr\/en\/#organization"},"potentialAction":[{"@type":"SearchAction","target":{"@type":"EntryPoint","urlTemplate":"https:\/\/rks.uniri.hr\/en\/?s={search_term_string}"},"query-input":{"@type":"PropertyValueSpecification","valueRequired":true,"valueName":"search_term_string"}}],"inLanguage":"en-US"},{"@type":"Organization","@id":"https:\/\/rks.uniri.hr\/en\/#organization","name":"Rije\u010dka kroatisti\u010dka \u0161kola","url":"https:\/\/rks.uniri.hr\/en\/","logo":{"@type":"ImageObject","inLanguage":"en-US","@id":"https:\/\/rks.uniri.hr\/en\/#\/schema\/logo\/image\/","url":"https:\/\/rks.uniri.hr\/wp-content\/uploads\/2025\/05\/RKS\u030c-logo-white-HR-1.png","contentUrl":"https:\/\/rks.uniri.hr\/wp-content\/uploads\/2025\/05\/RKS\u030c-logo-white-HR-1.png","width":126,"height":109,"caption":"Rije\u010dka kroatisti\u010dka \u0161kola"},"image":{"@id":"https:\/\/rks.uniri.hr\/en\/#\/schema\/logo\/image\/"}}]}},"_links":{"self":[{"href":"https:\/\/rks.uniri.hr\/en\/wp-json\/wp\/v2\/pages\/2471","targetHints":{"allow":["GET"]}}],"collection":[{"href":"https:\/\/rks.uniri.hr\/en\/wp-json\/wp\/v2\/pages"}],"about":[{"href":"https:\/\/rks.uniri.hr\/en\/wp-json\/wp\/v2\/types\/page"}],"author":[{"embeddable":true,"href":"https:\/\/rks.uniri.hr\/en\/wp-json\/wp\/v2\/users\/2"}],"replies":[{"embeddable":true,"href":"https:\/\/rks.uniri.hr\/en\/wp-json\/wp\/v2\/comments?post=2471"}],"version-history":[{"count":2,"href":"https:\/\/rks.uniri.hr\/en\/wp-json\/wp\/v2\/pages\/2471\/revisions"}],"predecessor-version":[{"id":2503,"href":"https:\/\/rks.uniri.hr\/en\/wp-json\/wp\/v2\/pages\/2471\/revisions\/2503"}],"wp:featuredmedia":[{"embeddable":true,"href":"https:\/\/rks.uniri.hr\/en\/wp-json\/wp\/v2\/media\/2462"}],"wp:attachment":[{"href":"https:\/\/rks.uniri.hr\/en\/wp-json\/wp\/v2\/media?parent=2471"}],"curies":[{"name":"wp","href":"https:\/\/api.w.org\/{rel}","templated":true}]}}