{"id":2469,"date":"2025-05-27T12:59:37","date_gmt":"2025-05-27T12:59:37","guid":{"rendered":"https:\/\/rks.uniri.hr\/students-from-the-yufe-network\/"},"modified":"2025-09-17T09:50:21","modified_gmt":"2025-09-17T09:50:21","slug":"students-from-the-yufe-network","status":"publish","type":"page","link":"https:\/\/rks.uniri.hr\/en\/students-from-the-yufe-network\/","title":{"rendered":"Students from the YUFE Network"},"content":{"rendered":"\t\t<div data-elementor-type=\"wp-page\" data-elementor-id=\"2469\" class=\"elementor elementor-2469 elementor-735\" data-elementor-post-type=\"page\">\n\t\t\t\t<div class=\"elementor-element elementor-element-750460af e-flex e-con-boxed e-con e-parent\" data-id=\"750460af\" data-element_type=\"container\" data-e-type=\"container\" data-settings=\"{&quot;background_background&quot;:&quot;classic&quot;}\">\n\t\t\t\t\t<div class=\"e-con-inner\">\n\t\t<div class=\"elementor-element elementor-element-629c6ffa e-con-full e-flex e-con e-child\" data-id=\"629c6ffa\" data-element_type=\"container\" data-e-type=\"container\">\n\t\t\t\t<div class=\"elementor-element elementor-element-2b51e4ad elementor-widget elementor-widget-text-editor\" data-id=\"2b51e4ad\" data-element_type=\"widget\" data-e-type=\"widget\" data-widget_type=\"text-editor.default\">\n\t\t\t\t<div class=\"elementor-widget-container\">\n\t\t\t\t\t\t\t\t\t<p><span style=\"color: #ffffff;\"><a style=\"color: #ffffff;\" href=\"https:\/\/rks.uniri.hr\/en\/\">Homepage<\/a> \/ <a style=\"color: #ffffff;\" href=\"https:\/\/rks.uniri.hr\/en\/courses\/\"><strong>Courses<\/strong><\/a><\/span><\/p>\t\t\t\t\t\t\t\t<\/div>\n\t\t\t\t<\/div>\n\t\t\t\t<div class=\"elementor-element elementor-element-6fffbd92 elementor-widget elementor-widget-text-editor\" data-id=\"6fffbd92\" data-element_type=\"widget\" data-e-type=\"widget\" data-widget_type=\"text-editor.default\">\n\t\t\t\t<div class=\"elementor-widget-container\">\n\t\t\t\t\t\t\t\t\t<p style=\"margin: auto;\">Students from the YUFE network<\/p>\t\t\t\t\t\t\t\t<\/div>\n\t\t\t\t<\/div>\n\t\t\t\t<\/div>\n\t\t\t\t\t<\/div>\n\t\t\t\t<\/div>\n\t\t<div class=\"elementor-element elementor-element-17c35e63 e-flex e-con-boxed e-con e-parent\" data-id=\"17c35e63\" data-element_type=\"container\" data-e-type=\"container\">\n\t\t\t\t\t<div class=\"e-con-inner\">\n\t\t<div class=\"elementor-element elementor-element-5484673f e-con-full e-flex e-con e-child\" data-id=\"5484673f\" data-element_type=\"container\" data-e-type=\"container\">\n\t\t\t\t<div class=\"elementor-element elementor-element-2cb0b9e3 elementor-widget elementor-widget-text-editor\" data-id=\"2cb0b9e3\" data-element_type=\"widget\" data-e-type=\"widget\" data-widget_type=\"text-editor.default\">\n\t\t\t\t<div class=\"elementor-widget-container\">\n\t\t\t\t\t\t\t\t\t<p class=\"p1\">Students from the YUFE <i>(Young Universities for the Future of Europe)<\/i> network are welcome to attend courses offered by the Rijeka School of Croatian Studies. Classes are held in-person and remotely, and more information can be found at: <span style=\"text-decoration: underline;\"><strong><span style=\"color: #000000; text-decoration: underline;\"><a style=\"color: #000000; text-decoration: underline;\" href=\"https:\/\/uniri.hr\/o-sveucilistu\/yufe\/\"><span class=\"s1\">https:\/\/uniri.hr\/o-sveucilistu\/yufe\/<\/span><\/a> <\/span><\/strong><\/span>and at <span style=\"text-decoration: underline;\"><strong><span style=\"color: #000000; text-decoration: underline;\"><a style=\"color: #000000; text-decoration: underline;\" href=\"https:\/\/yufe.eu\/\"><span class=\"s1\">https:\/\/yufe.eu\/<\/span><\/a>.<\/span><\/strong><\/span><\/p><p class=\"p2\"><span class=\"s2\">Our courses, Croatian as a Second and Foreign Language 1, Croatian as a Second and Foreign Language 2, and Croatian as a Second, Foreign and Green Language, are part of YUFE\u2019s Bachelor Programme Urban Sustainability Studies: <span style=\"text-decoration: underline;\"><strong><span style=\"color: #000000; text-decoration: underline;\"><a style=\"color: #000000; text-decoration: underline;\" href=\"https:\/\/uniri.hr\/yufe-2\/yufe-prijediplomski-studij-urbana-odrzivost\/\"><span class=\"s1\">https:\/\/uniri.hr\/yufe-2\/yufe-prijediplomski-studij-urbana-odrzivost\/<\/span><\/a>.<\/span><\/strong><\/span><\/span><\/p>\t\t\t\t\t\t\t\t<\/div>\n\t\t\t\t<\/div>\n\t\t\t\t<\/div>\n\t\t<div class=\"elementor-element elementor-element-2375e51f e-con-full e-flex e-con e-child\" data-id=\"2375e51f\" data-element_type=\"container\" data-e-type=\"container\">\n\t\t<div class=\"elementor-element elementor-element-67420ede e-con-full e-flex e-con e-child\" data-id=\"67420ede\" data-element_type=\"container\" data-e-type=\"container\" data-settings=\"{&quot;background_background&quot;:&quot;classic&quot;}\">\n\t\t\t\t<div class=\"elementor-element elementor-element-3e056e37 elementor-widget elementor-widget-text-editor\" data-id=\"3e056e37\" data-element_type=\"widget\" data-e-type=\"widget\" data-widget_type=\"text-editor.default\">\n\t\t\t\t<div class=\"elementor-widget-container\">\n\t\t\t\t\t\t\t\t\t<p class=\"p1\"><strong>Application procedures<\/strong> and current semester timetables are available in the <span style=\"text-decoration: underline; color: #47c6e6;\"><strong><a style=\"color: #47c6e6; text-decoration: underline;\" href=\"https:\/\/rks.uniri.hr\/en\/news\/\">News section.<\/a><\/strong><\/span><\/p>\t\t\t\t\t\t\t\t<\/div>\n\t\t\t\t<\/div>\n\t\t\t\t<div class=\"elementor-element elementor-element-49133f94 elementor-absolute elementor-widget elementor-widget-image\" data-id=\"49133f94\" data-element_type=\"widget\" data-e-type=\"widget\" data-settings=\"{&quot;_position&quot;:&quot;absolute&quot;}\" data-widget_type=\"image.default\">\n\t\t\t\t<div class=\"elementor-widget-container\">\n\t\t\t\t\t\t\t\t\t\t\t\t\t\t\t<img fetchpriority=\"high\" decoding=\"async\" width=\"319\" height=\"332\" src=\"https:\/\/rks.uniri.hr\/wp-content\/uploads\/2025\/05\/Group-11.png\" class=\"attachment-large size-large wp-image-2460\" alt=\"\" srcset=\"https:\/\/rks.uniri.hr\/wp-content\/uploads\/2025\/05\/Group-11.png 319w, https:\/\/rks.uniri.hr\/wp-content\/uploads\/2025\/05\/Group-11-288x300.png 288w\" sizes=\"(max-width: 319px) 100vw, 319px\" \/>\t\t\t\t\t\t\t\t\t\t\t\t\t\t\t<\/div>\n\t\t\t\t<\/div>\n\t\t\t\t<\/div>\n\t\t<div class=\"elementor-element elementor-element-3e6968c e-con-full elementor-hidden-desktop elementor-hidden-tablet elementor-hidden-mobile e-flex e-con e-child\" data-id=\"3e6968c\" data-element_type=\"container\" data-e-type=\"container\" data-settings=\"{&quot;background_background&quot;:&quot;classic&quot;}\">\n\t\t\t\t<div class=\"elementor-element elementor-element-42f835f9 elementor-widget elementor-widget-text-editor\" data-id=\"42f835f9\" data-element_type=\"widget\" data-e-type=\"widget\" data-widget_type=\"text-editor.default\">\n\t\t\t\t<div class=\"elementor-widget-container\">\n\t\t\t\t\t\t\t\t\t<p class=\"p1\">The program can be delivered live, <i><strong>online,<\/strong><\/i> and <strong>hybrid<\/strong>, depending on the specific group of participants who have expressed interest in attending it.<\/p>\t\t\t\t\t\t\t\t<\/div>\n\t\t\t\t<\/div>\n\t\t\t\t<div class=\"elementor-element elementor-element-7a357af0 elementor-absolute elementor-hidden-desktop elementor-hidden-tablet elementor-hidden-mobile elementor-widget elementor-widget-image\" data-id=\"7a357af0\" data-element_type=\"widget\" data-e-type=\"widget\" data-settings=\"{&quot;_position&quot;:&quot;absolute&quot;}\" data-widget_type=\"image.default\">\n\t\t\t\t<div class=\"elementor-widget-container\">\n\t\t\t\t\t\t\t\t\t\t\t\t\t\t\t<img fetchpriority=\"high\" decoding=\"async\" width=\"319\" height=\"332\" src=\"https:\/\/rks.uniri.hr\/wp-content\/uploads\/2025\/05\/Group-11.png\" class=\"attachment-large size-large wp-image-2460\" alt=\"\" srcset=\"https:\/\/rks.uniri.hr\/wp-content\/uploads\/2025\/05\/Group-11.png 319w, https:\/\/rks.uniri.hr\/wp-content\/uploads\/2025\/05\/Group-11-288x300.png 288w\" sizes=\"(max-width: 319px) 100vw, 319px\" \/>\t\t\t\t\t\t\t\t\t\t\t\t\t\t\t<\/div>\n\t\t\t\t<\/div>\n\t\t\t\t<\/div>\n\t\t\t\t<\/div>\n\t\t\t\t\t<\/div>\n\t\t\t\t<\/div>\n\t\t\t\t<\/div>\n\t\t","protected":false},"excerpt":{"rendered":"<p>Homepage \/ Courses Students from the YUFE network Students from the YUFE (Young Universities for the Future of Europe) network are welcome to attend courses offered by the Rijeka School of Croatian Studies. Classes are held in-person and remotely, and more information can be found at: https:\/\/uniri.hr\/o-sveucilistu\/yufe\/ and at https:\/\/yufe.eu\/. Our courses, Croatian as a [&hellip;]<\/p>\n","protected":false},"author":2,"featured_media":0,"parent":0,"menu_order":0,"comment_status":"closed","ping_status":"closed","template":"","meta":{"footnotes":""},"class_list":["post-2469","page","type-page","status-publish","hentry"],"yoast_head":"<!-- This site is optimized with the Yoast SEO plugin v27.3 - https:\/\/yoast.com\/product\/yoast-seo-wordpress\/ -->\n<title>Students from the YUFE network - Rijeka School of Croatian Studies<\/title>\n<meta name=\"description\" content=\"Students from the YUFE (Young Universities for the Future of Europe) network are welcome to attend courses offered by the Rijeka School of Croatian Studies.\" \/>\n<meta name=\"robots\" content=\"index, follow, max-snippet:-1, max-image-preview:large, max-video-preview:-1\" \/>\n<link rel=\"canonical\" href=\"https:\/\/rks.uniri.hr\/en\/students-from-the-yufe-network\/\" \/>\n<meta property=\"og:locale\" content=\"en_US\" \/>\n<meta property=\"og:type\" content=\"article\" \/>\n<meta property=\"og:title\" content=\"Students from the YUFE network - Rijeka School of Croatian Studies\" \/>\n<meta property=\"og:description\" content=\"Students from the YUFE (Young Universities for the Future of Europe) network are welcome to attend courses offered by the Rijeka School of Croatian Studies.\" \/>\n<meta property=\"og:url\" content=\"https:\/\/rks.uniri.hr\/en\/students-from-the-yufe-network\/\" \/>\n<meta property=\"og:site_name\" content=\"Rije\u010dka kroatisti\u010dka \u0161kola\" \/>\n<meta property=\"article:modified_time\" content=\"2025-09-17T09:50:21+00:00\" \/>\n<meta property=\"og:image\" content=\"https:\/\/rks.uniri.hr\/wp-content\/uploads\/2025\/05\/Group-11.png\" \/>\n\t<meta property=\"og:image:width\" content=\"319\" \/>\n\t<meta property=\"og:image:height\" content=\"332\" \/>\n\t<meta property=\"og:image:type\" content=\"image\/png\" \/>\n<meta name=\"twitter:card\" content=\"summary_large_image\" \/>\n<meta name=\"twitter:label1\" content=\"Est. reading time\" \/>\n\t<meta name=\"twitter:data1\" content=\"1 minute\" \/>\n<script type=\"application\/ld+json\" class=\"yoast-schema-graph\">{\"@context\":\"https:\\\/\\\/schema.org\",\"@graph\":[{\"@type\":\"WebPage\",\"@id\":\"https:\\\/\\\/rks.uniri.hr\\\/en\\\/students-from-the-yufe-network\\\/\",\"url\":\"https:\\\/\\\/rks.uniri.hr\\\/en\\\/students-from-the-yufe-network\\\/\",\"name\":\"Students from the YUFE network - Rijeka School of Croatian Studies\",\"isPartOf\":{\"@id\":\"https:\\\/\\\/rks.uniri.hr\\\/en\\\/#website\"},\"primaryImageOfPage\":{\"@id\":\"https:\\\/\\\/rks.uniri.hr\\\/en\\\/students-from-the-yufe-network\\\/#primaryimage\"},\"image\":{\"@id\":\"https:\\\/\\\/rks.uniri.hr\\\/en\\\/students-from-the-yufe-network\\\/#primaryimage\"},\"thumbnailUrl\":\"https:\\\/\\\/rks.uniri.hr\\\/wp-content\\\/uploads\\\/2025\\\/05\\\/Group-11.png\",\"datePublished\":\"2025-05-27T12:59:37+00:00\",\"dateModified\":\"2025-09-17T09:50:21+00:00\",\"description\":\"Students from the YUFE (Young Universities for the Future of Europe) network are welcome to attend courses offered by the Rijeka School of Croatian Studies.\",\"breadcrumb\":{\"@id\":\"https:\\\/\\\/rks.uniri.hr\\\/en\\\/students-from-the-yufe-network\\\/#breadcrumb\"},\"inLanguage\":\"en-US\",\"potentialAction\":[{\"@type\":\"ReadAction\",\"target\":[\"https:\\\/\\\/rks.uniri.hr\\\/en\\\/students-from-the-yufe-network\\\/\"]}]},{\"@type\":\"ImageObject\",\"inLanguage\":\"en-US\",\"@id\":\"https:\\\/\\\/rks.uniri.hr\\\/en\\\/students-from-the-yufe-network\\\/#primaryimage\",\"url\":\"https:\\\/\\\/rks.uniri.hr\\\/wp-content\\\/uploads\\\/2025\\\/05\\\/Group-11.png\",\"contentUrl\":\"https:\\\/\\\/rks.uniri.hr\\\/wp-content\\\/uploads\\\/2025\\\/05\\\/Group-11.png\"},{\"@type\":\"BreadcrumbList\",\"@id\":\"https:\\\/\\\/rks.uniri.hr\\\/en\\\/students-from-the-yufe-network\\\/#breadcrumb\",\"itemListElement\":[{\"@type\":\"ListItem\",\"position\":1,\"name\":\"Po\u010detna stranica\",\"item\":\"https:\\\/\\\/rks.uniri.hr\\\/en\\\/\"},{\"@type\":\"ListItem\",\"position\":2,\"name\":\"Students from the YUFE Network\"}]},{\"@type\":\"WebSite\",\"@id\":\"https:\\\/\\\/rks.uniri.hr\\\/en\\\/#website\",\"url\":\"https:\\\/\\\/rks.uniri.hr\\\/en\\\/\",\"name\":\"Rije\u010dka kroatisti\u010dka \u0161kola\",\"description\":\"\",\"publisher\":{\"@id\":\"https:\\\/\\\/rks.uniri.hr\\\/en\\\/#organization\"},\"potentialAction\":[{\"@type\":\"SearchAction\",\"target\":{\"@type\":\"EntryPoint\",\"urlTemplate\":\"https:\\\/\\\/rks.uniri.hr\\\/en\\\/?s={search_term_string}\"},\"query-input\":{\"@type\":\"PropertyValueSpecification\",\"valueRequired\":true,\"valueName\":\"search_term_string\"}}],\"inLanguage\":\"en-US\"},{\"@type\":\"Organization\",\"@id\":\"https:\\\/\\\/rks.uniri.hr\\\/en\\\/#organization\",\"name\":\"Rije\u010dka kroatisti\u010dka \u0161kola\",\"url\":\"https:\\\/\\\/rks.uniri.hr\\\/en\\\/\",\"logo\":{\"@type\":\"ImageObject\",\"inLanguage\":\"en-US\",\"@id\":\"https:\\\/\\\/rks.uniri.hr\\\/en\\\/#\\\/schema\\\/logo\\\/image\\\/\",\"url\":\"https:\\\/\\\/rks.uniri.hr\\\/wp-content\\\/uploads\\\/2025\\\/05\\\/RKS\u030c-logo-white-HR-1.png\",\"contentUrl\":\"https:\\\/\\\/rks.uniri.hr\\\/wp-content\\\/uploads\\\/2025\\\/05\\\/RKS\u030c-logo-white-HR-1.png\",\"width\":126,\"height\":109,\"caption\":\"Rije\u010dka kroatisti\u010dka \u0161kola\"},\"image\":{\"@id\":\"https:\\\/\\\/rks.uniri.hr\\\/en\\\/#\\\/schema\\\/logo\\\/image\\\/\"}}]}<\/script>\n<!-- \/ Yoast SEO plugin. -->","yoast_head_json":{"title":"Students from the YUFE network - Rijeka School of Croatian Studies","description":"Students from the YUFE (Young Universities for the Future of Europe) network are welcome to attend courses offered by the Rijeka School of Croatian Studies.","robots":{"index":"index","follow":"follow","max-snippet":"max-snippet:-1","max-image-preview":"max-image-preview:large","max-video-preview":"max-video-preview:-1"},"canonical":"https:\/\/rks.uniri.hr\/en\/students-from-the-yufe-network\/","og_locale":"en_US","og_type":"article","og_title":"Students from the YUFE network - Rijeka School of Croatian Studies","og_description":"Students from the YUFE (Young Universities for the Future of Europe) network are welcome to attend courses offered by the Rijeka School of Croatian Studies.","og_url":"https:\/\/rks.uniri.hr\/en\/students-from-the-yufe-network\/","og_site_name":"Rije\u010dka kroatisti\u010dka \u0161kola","article_modified_time":"2025-09-17T09:50:21+00:00","og_image":[{"width":319,"height":332,"url":"https:\/\/rks.uniri.hr\/wp-content\/uploads\/2025\/05\/Group-11.png","type":"image\/png"}],"twitter_card":"summary_large_image","twitter_misc":{"Est. reading time":"1 minute"},"schema":{"@context":"https:\/\/schema.org","@graph":[{"@type":"WebPage","@id":"https:\/\/rks.uniri.hr\/en\/students-from-the-yufe-network\/","url":"https:\/\/rks.uniri.hr\/en\/students-from-the-yufe-network\/","name":"Students from the YUFE network - Rijeka School of Croatian Studies","isPartOf":{"@id":"https:\/\/rks.uniri.hr\/en\/#website"},"primaryImageOfPage":{"@id":"https:\/\/rks.uniri.hr\/en\/students-from-the-yufe-network\/#primaryimage"},"image":{"@id":"https:\/\/rks.uniri.hr\/en\/students-from-the-yufe-network\/#primaryimage"},"thumbnailUrl":"https:\/\/rks.uniri.hr\/wp-content\/uploads\/2025\/05\/Group-11.png","datePublished":"2025-05-27T12:59:37+00:00","dateModified":"2025-09-17T09:50:21+00:00","description":"Students from the YUFE (Young Universities for the Future of Europe) network are welcome to attend courses offered by the Rijeka School of Croatian Studies.","breadcrumb":{"@id":"https:\/\/rks.uniri.hr\/en\/students-from-the-yufe-network\/#breadcrumb"},"inLanguage":"en-US","potentialAction":[{"@type":"ReadAction","target":["https:\/\/rks.uniri.hr\/en\/students-from-the-yufe-network\/"]}]},{"@type":"ImageObject","inLanguage":"en-US","@id":"https:\/\/rks.uniri.hr\/en\/students-from-the-yufe-network\/#primaryimage","url":"https:\/\/rks.uniri.hr\/wp-content\/uploads\/2025\/05\/Group-11.png","contentUrl":"https:\/\/rks.uniri.hr\/wp-content\/uploads\/2025\/05\/Group-11.png"},{"@type":"BreadcrumbList","@id":"https:\/\/rks.uniri.hr\/en\/students-from-the-yufe-network\/#breadcrumb","itemListElement":[{"@type":"ListItem","position":1,"name":"Po\u010detna stranica","item":"https:\/\/rks.uniri.hr\/en\/"},{"@type":"ListItem","position":2,"name":"Students from the YUFE Network"}]},{"@type":"WebSite","@id":"https:\/\/rks.uniri.hr\/en\/#website","url":"https:\/\/rks.uniri.hr\/en\/","name":"Rije\u010dka kroatisti\u010dka \u0161kola","description":"","publisher":{"@id":"https:\/\/rks.uniri.hr\/en\/#organization"},"potentialAction":[{"@type":"SearchAction","target":{"@type":"EntryPoint","urlTemplate":"https:\/\/rks.uniri.hr\/en\/?s={search_term_string}"},"query-input":{"@type":"PropertyValueSpecification","valueRequired":true,"valueName":"search_term_string"}}],"inLanguage":"en-US"},{"@type":"Organization","@id":"https:\/\/rks.uniri.hr\/en\/#organization","name":"Rije\u010dka kroatisti\u010dka \u0161kola","url":"https:\/\/rks.uniri.hr\/en\/","logo":{"@type":"ImageObject","inLanguage":"en-US","@id":"https:\/\/rks.uniri.hr\/en\/#\/schema\/logo\/image\/","url":"https:\/\/rks.uniri.hr\/wp-content\/uploads\/2025\/05\/RKS\u030c-logo-white-HR-1.png","contentUrl":"https:\/\/rks.uniri.hr\/wp-content\/uploads\/2025\/05\/RKS\u030c-logo-white-HR-1.png","width":126,"height":109,"caption":"Rije\u010dka kroatisti\u010dka \u0161kola"},"image":{"@id":"https:\/\/rks.uniri.hr\/en\/#\/schema\/logo\/image\/"}}]}},"_links":{"self":[{"href":"https:\/\/rks.uniri.hr\/en\/wp-json\/wp\/v2\/pages\/2469","targetHints":{"allow":["GET"]}}],"collection":[{"href":"https:\/\/rks.uniri.hr\/en\/wp-json\/wp\/v2\/pages"}],"about":[{"href":"https:\/\/rks.uniri.hr\/en\/wp-json\/wp\/v2\/types\/page"}],"author":[{"embeddable":true,"href":"https:\/\/rks.uniri.hr\/en\/wp-json\/wp\/v2\/users\/2"}],"replies":[{"embeddable":true,"href":"https:\/\/rks.uniri.hr\/en\/wp-json\/wp\/v2\/comments?post=2469"}],"version-history":[{"count":2,"href":"https:\/\/rks.uniri.hr\/en\/wp-json\/wp\/v2\/pages\/2469\/revisions"}],"predecessor-version":[{"id":2505,"href":"https:\/\/rks.uniri.hr\/en\/wp-json\/wp\/v2\/pages\/2469\/revisions\/2505"}],"wp:attachment":[{"href":"https:\/\/rks.uniri.hr\/en\/wp-json\/wp\/v2\/media?parent=2469"}],"curies":[{"name":"wp","href":"https:\/\/api.w.org\/{rel}","templated":true}]}}