{"id":2456,"date":"2025-05-06T12:53:20","date_gmt":"2025-05-06T12:53:20","guid":{"rendered":"https:\/\/rks.uniri.hr\/courses\/"},"modified":"2025-09-17T09:50:18","modified_gmt":"2025-09-17T09:50:18","slug":"courses","status":"publish","type":"page","link":"https:\/\/rks.uniri.hr\/en\/courses\/","title":{"rendered":"Courses"},"content":{"rendered":"\t\t<div data-elementor-type=\"wp-page\" data-elementor-id=\"2456\" class=\"elementor elementor-2456 elementor-19\" data-elementor-post-type=\"page\">\n\t\t\t\t<div class=\"elementor-element elementor-element-e30f0e0 e-flex e-con-boxed e-con e-parent\" data-id=\"e30f0e0\" data-element_type=\"container\" data-e-type=\"container\" data-settings=\"{&quot;background_background&quot;:&quot;classic&quot;}\">\n\t\t\t\t\t<div class=\"e-con-inner\">\n\t\t<div class=\"elementor-element elementor-element-3b1cc540 e-con-full e-flex e-con e-child\" data-id=\"3b1cc540\" data-element_type=\"container\" data-e-type=\"container\">\n\t\t\t\t<div class=\"elementor-element elementor-element-1993149 elementor-widget elementor-widget-text-editor\" data-id=\"1993149\" data-element_type=\"widget\" data-e-type=\"widget\" data-widget_type=\"text-editor.default\">\n\t\t\t\t<div class=\"elementor-widget-container\">\n\t\t\t\t\t\t\t\t\t<span style=\"color: #ffffff;\"><a style=\"color: #ffffff;\" href=\"https:\/\/rks.uniri.hr\/en\/\">Homepage<\/a> \/ <a style=\"color: #ffffff;\" href=\"https:\/\/rks.uniri.hr\/en\/courses\/\"><strong>Courses<\/strong><\/a><\/span>\t\t\t\t\t\t\t\t<\/div>\n\t\t\t\t<\/div>\n\t\t\t\t<div class=\"elementor-element elementor-element-1e6fb5aa elementor-widget elementor-widget-text-editor\" data-id=\"1e6fb5aa\" data-element_type=\"widget\" data-e-type=\"widget\" data-widget_type=\"text-editor.default\">\n\t\t\t\t<div class=\"elementor-widget-container\">\n\t\t\t\t\t\t\t\t\t<h1 style=\"margin: auto;\">Our courses &#8211; just for you!<\/h1>\t\t\t\t\t\t\t\t<\/div>\n\t\t\t\t<\/div>\n\t\t\t\t<\/div>\n\t\t<div class=\"elementor-element elementor-element-27652390 e-con-full elementor-hidden-tablet elementor-hidden-mobile e-flex e-con e-child\" data-id=\"27652390\" data-element_type=\"container\" data-e-type=\"container\">\n\t\t\t\t<\/div>\n\t\t\t\t\t<\/div>\n\t\t\t\t<\/div>\n\t\t<div class=\"elementor-element elementor-element-1a64f3b e-flex e-con-boxed e-con e-parent\" data-id=\"1a64f3b\" data-element_type=\"container\" data-e-type=\"container\">\n\t\t\t\t\t<div class=\"e-con-inner\">\n\t\t<a class=\"elementor-element elementor-element-cf203f1 e-con-full e-flex e-con e-child\" data-id=\"cf203f1\" data-element_type=\"container\" data-e-type=\"container\" data-settings=\"{&quot;background_background&quot;:&quot;classic&quot;}\" href=\"https:\/\/rks.uniri.hr\/en\/incoming-mobility-students-erasmus-ceepus-and-other-mobility-programmes\/\">\n\t\t\t\t<div class=\"elementor-element elementor-element-54d654f elementor-widget elementor-widget-text-editor\" data-id=\"54d654f\" data-element_type=\"widget\" data-e-type=\"widget\" data-widget_type=\"text-editor.default\">\n\t\t\t\t<div class=\"elementor-widget-container\">\n\t\t\t\t\t\t\t\t\t<p style=\"margin: auto;\">Incoming mobility students (Erasmus, CEEPUS, and other student mobility programmes) \u2192<\/p>\t\t\t\t\t\t\t\t<\/div>\n\t\t\t\t<\/div>\n\t\t\t\t<\/a>\n\t\t<a class=\"elementor-element elementor-element-f307b62 e-con-full e-flex e-con e-child\" data-id=\"f307b62\" data-element_type=\"container\" data-e-type=\"container\" data-settings=\"{&quot;background_background&quot;:&quot;classic&quot;}\" href=\"https:\/\/rks.uniri.hr\/en\/teaching-croatian-as-a-second-and-foreign-language-for-students-of-the-faculty-of-medicine-in-rijeka\/\">\n\t\t\t\t<div class=\"elementor-element elementor-element-c5d5ccf elementor-widget elementor-widget-text-editor\" data-id=\"c5d5ccf\" data-element_type=\"widget\" data-e-type=\"widget\" data-widget_type=\"text-editor.default\">\n\t\t\t\t<div class=\"elementor-widget-container\">\n\t\t\t\t\t\t\t\t\t<p style=\"margin: auto;\">Teaching Croatian as a Second and Foreign Language for Students of the Faculty of Medicine in Rijeka \u2192<\/p>\t\t\t\t\t\t\t\t<\/div>\n\t\t\t\t<\/div>\n\t\t\t\t<\/a>\n\t\t<a class=\"elementor-element elementor-element-470eadf e-con-full e-flex e-con e-child\" data-id=\"470eadf\" data-element_type=\"container\" data-e-type=\"container\" data-settings=\"{&quot;background_background&quot;:&quot;classic&quot;}\" href=\"https:\/\/rks.uniri.hr\/en\/mdu-scholarship-holders\/\">\n\t\t\t\t<div class=\"elementor-element elementor-element-a068073 elementor-widget elementor-widget-text-editor\" data-id=\"a068073\" data-element_type=\"widget\" data-e-type=\"widget\" data-widget_type=\"text-editor.default\">\n\t\t\t\t<div class=\"elementor-widget-container\">\n\t\t\t\t\t\t\t\t\t<p style=\"margin: auto;\">MDU Scholarship Holders \u2192<\/p>\t\t\t\t\t\t\t\t<\/div>\n\t\t\t\t<\/div>\n\t\t\t\t<\/a>\n\t\t\t\t\t<\/div>\n\t\t\t\t<\/div>\n\t\t<div class=\"elementor-element elementor-element-85d667a e-flex e-con-boxed e-con e-parent\" data-id=\"85d667a\" data-element_type=\"container\" data-e-type=\"container\">\n\t\t\t\t\t<div class=\"e-con-inner\">\n\t\t<a class=\"elementor-element elementor-element-17ae412 e-con-full e-flex e-con e-child\" data-id=\"17ae412\" data-element_type=\"container\" data-e-type=\"container\" data-settings=\"{&quot;background_background&quot;:&quot;classic&quot;}\" href=\"https:\/\/rks.uniri.hr\/en\/students-from-the-yufe-network\/\">\n\t\t\t\t<div class=\"elementor-element elementor-element-ae1aa27 elementor-widget elementor-widget-text-editor\" data-id=\"ae1aa27\" data-element_type=\"widget\" data-e-type=\"widget\" data-widget_type=\"text-editor.default\">\n\t\t\t\t<div class=\"elementor-widget-container\">\n\t\t\t\t\t\t\t\t\t<p style=\"margin: auto;\">Students from the YUFE network \u2192<\/p>\t\t\t\t\t\t\t\t<\/div>\n\t\t\t\t<\/div>\n\t\t\t\t<\/a>\n\t\t<a class=\"elementor-element elementor-element-80f1a87 e-con-full e-flex e-con e-child\" data-id=\"80f1a87\" data-element_type=\"container\" data-e-type=\"container\" data-settings=\"{&quot;background_background&quot;:&quot;classic&quot;}\" href=\"https:\/\/rks.uniri.hr\/en\/individual-lessons\/\">\n\t\t\t\t<div class=\"elementor-element elementor-element-f0c7a5b elementor-widget elementor-widget-text-editor\" data-id=\"f0c7a5b\" data-element_type=\"widget\" data-e-type=\"widget\" data-widget_type=\"text-editor.default\">\n\t\t\t\t<div class=\"elementor-widget-container\">\n\t\t\t\t\t\t\t\t\t<p style=\"margin: auto;\">Individual lessons \u2192<\/p>\t\t\t\t\t\t\t\t<\/div>\n\t\t\t\t<\/div>\n\t\t\t\t<\/a>\n\t\t<div class=\"elementor-element elementor-element-7cc7d41 e-con-full elementor-hidden-tablet elementor-hidden-mobile e-flex e-con e-child\" data-id=\"7cc7d41\" data-element_type=\"container\" data-e-type=\"container\">\n\t\t\t\t<div class=\"elementor-element elementor-element-2602d37 elementor-widget elementor-widget-spacer\" data-id=\"2602d37\" data-element_type=\"widget\" data-e-type=\"widget\" data-widget_type=\"spacer.default\">\n\t\t\t\t<div class=\"elementor-widget-container\">\n\t\t\t\t\t\t\t<div class=\"elementor-spacer\">\n\t\t\t<div class=\"elementor-spacer-inner\"><\/div>\n\t\t<\/div>\n\t\t\t\t\t\t<\/div>\n\t\t\t\t<\/div>\n\t\t\t\t<\/div>\n\t\t\t\t\t<\/div>\n\t\t\t\t<\/div>\n\t\t<div class=\"elementor-element elementor-element-176a769 e-flex e-con-boxed e-con e-parent\" data-id=\"176a769\" data-element_type=\"container\" data-e-type=\"container\">\n\t\t\t\t\t<div class=\"e-con-inner\">\n\t\t<div class=\"elementor-element elementor-element-48db47e e-con-full e-flex e-con e-child\" data-id=\"48db47e\" data-element_type=\"container\" data-e-type=\"container\" data-settings=\"{&quot;sticky&quot;:&quot;top&quot;,&quot;sticky_on&quot;:[&quot;desktop&quot;],&quot;sticky_offset&quot;:20,&quot;sticky_parent&quot;:&quot;yes&quot;,&quot;sticky_effects_offset&quot;:0,&quot;sticky_anchor_link_offset&quot;:0}\">\n\t\t\t\t<div class=\"elementor-element elementor-element-c8aa051 elementor-widget__width-initial upisi_text elementor-widget elementor-widget-text-editor\" data-id=\"c8aa051\" data-element_type=\"widget\" data-e-type=\"widget\" data-widget_type=\"text-editor.default\">\n\t\t\t\t<div class=\"elementor-widget-container\">\n\t\t\t\t\t\t\t\t\t<p style=\"margin: auto;\">SEND US AN INQUIRY<\/p>\t\t\t\t\t\t\t\t<\/div>\n\t\t\t\t<\/div>\n\t\t\t\t<div class=\"elementor-element elementor-element-8da8ff1 elementor-widget elementor-widget-text-editor\" data-id=\"8da8ff1\" data-element_type=\"widget\" data-e-type=\"widget\" data-widget_type=\"text-editor.default\">\n\t\t\t\t<div class=\"elementor-widget-container\">\n\t\t\t\t\t\t\t\t\t<h2 style=\"margin: auto;\">Activities that enrich learning<\/h2>\t\t\t\t\t\t\t\t<\/div>\n\t\t\t\t<\/div>\n\t\t\t\t<div class=\"elementor-element elementor-element-9c457be elementor-widget elementor-widget-text-editor\" data-id=\"9c457be\" data-element_type=\"widget\" data-e-type=\"widget\" data-widget_type=\"text-editor.default\">\n\t\t\t\t<div class=\"elementor-widget-container\">\n\t\t\t\t\t\t\t\t\t<p class=\"p1\"><span class=\"s1\">Our classrooms are excellently equipped and offer a view of the sea, but the Croatian language is also learned outside of them at RK\u0160. We get to know Croatia on excursions and field trips, we learn and talk in an informal environment on quizzes, and we follow and visit various cultural events together.<span class=\"Apple-converted-space\">  <\/span>&#8211; theater performances, film screenings, exhibitions, concerts, literary meetings and various cultural events. In addition, the Rijeka Croatian School, through its activities and the content of its programs, supports social inclusion in the area of \u200b\u200binclusive cultural practices.<\/span><\/p>\t\t\t\t\t\t\t\t<\/div>\n\t\t\t\t<\/div>\n\t\t\t\t<\/div>\n\t\t<div class=\"elementor-element elementor-element-ba8f33c e-con-full e-flex e-con e-child\" data-id=\"ba8f33c\" data-element_type=\"container\" data-e-type=\"container\" data-settings=\"{&quot;background_background&quot;:&quot;classic&quot;}\">\n\t\t\t\t<div class=\"elementor-element elementor-element-bd6e4a5 elementor-widget elementor-widget-text-editor\" data-id=\"bd6e4a5\" data-element_type=\"widget\" data-e-type=\"widget\" data-widget_type=\"text-editor.default\">\n\t\t\t\t<div class=\"elementor-widget-container\">\n\t\t\t\t\t\t\t\t\t\n<div class=\"wpcf7 no-js\" id=\"wpcf7-f2628-o1\" lang=\"en-US\" dir=\"ltr\" data-wpcf7-id=\"2628\">\n<div class=\"screen-reader-response\"><p role=\"status\" aria-live=\"polite\" aria-atomic=\"true\"><\/p> <ul><\/ul><\/div>\n<form action=\"\/en\/wp-json\/wp\/v2\/pages\/2456#wpcf7-f2628-o1\" method=\"post\" class=\"wpcf7-form init\" aria-label=\"Contact form\" novalidate=\"novalidate\" data-status=\"init\">\n<fieldset class=\"hidden-fields-container\"><input type=\"hidden\" name=\"_wpcf7\" value=\"2628\" \/><input type=\"hidden\" name=\"_wpcf7_version\" value=\"6.1.5\" \/><input type=\"hidden\" name=\"_wpcf7_locale\" value=\"en_US\" \/><input type=\"hidden\" name=\"_wpcf7_unit_tag\" value=\"wpcf7-f2628-o1\" \/><input type=\"hidden\" name=\"_wpcf7_container_post\" value=\"0\" \/><input type=\"hidden\" name=\"_wpcf7_posted_data_hash\" value=\"\" \/>\n<\/fieldset>\n<p><label> Your name<br \/>\n<span class=\"wpcf7-form-control-wrap\" data-name=\"your-name\"><input size=\"40\" maxlength=\"400\" class=\"wpcf7-form-control wpcf7-text wpcf7-validates-as-required\" autocomplete=\"name\" aria-required=\"true\" aria-invalid=\"false\" value=\"\" type=\"text\" name=\"your-name\" \/><\/span> <\/label>\n<\/p>\n<p><label> Your E-mail address<br \/>\n<span class=\"wpcf7-form-control-wrap\" data-name=\"your-email\"><input size=\"40\" maxlength=\"400\" class=\"wpcf7-form-control wpcf7-email wpcf7-validates-as-required wpcf7-text wpcf7-validates-as-email\" autocomplete=\"email\" aria-required=\"true\" aria-invalid=\"false\" value=\"\" type=\"email\" name=\"your-email\" \/><\/span> <\/label>\n<\/p>\n<p><label>Selected course:<br \/>\n<span class=\"wpcf7-form-control-wrap\" data-name=\"select-112\"><select class=\"wpcf7-form-control wpcf7-select wpcf7-validates-as-required\" aria-required=\"true\" aria-invalid=\"false\" name=\"select-112\"><option value=\"Incoming mobility students (Erasmus, CEEPUS and other student mobility programmes)\">Incoming mobility students (Erasmus, CEEPUS and other student mobility programmes)<\/option><option value=\"Croatian language course for students of the Faculty of Medicine in Rijeka\">Croatian language course for students of the Faculty of Medicine in Rijeka<\/option><option value=\"MDU scholarship holders\">MDU scholarship holders<\/option><option value=\"Students from the YUFE network\">Students from the YUFE network<\/option><option value=\"Lifelong learning programme\">Lifelong learning programme<\/option><\/select><\/span><\/label>\n<\/p>\n<p><label> Your message<br \/>\n<span class=\"wpcf7-form-control-wrap\" data-name=\"your-message\"><textarea cols=\"40\" rows=\"10\" maxlength=\"2000\" class=\"wpcf7-form-control wpcf7-textarea\" aria-invalid=\"false\" name=\"your-message\"><\/textarea><\/span> <\/label>\n<\/p>\n<div style=\"margin-left:-17px; margin-bottom:25px !Important;\">\n\t<p><span class=\"wpcf7-form-control-wrap\" data-name=\"acceptance-519\"><span class=\"wpcf7-form-control wpcf7-acceptance\"><span class=\"wpcf7-list-item\"><label><input type=\"checkbox\" name=\"acceptance-519\" value=\"1\" aria-invalid=\"false\" \/><span class=\"wpcf7-list-item-label\"><span style=\"font-size:14px; font-weight:400;\">I agree and accept<\/span> <a style=\"font-size:14px; color: black;\" href=\"\/pravila-privatnosti\" target=\"_blank\">the privacy policy<\/a><\/span><\/label><\/span><\/span><\/span>\n\t<\/p>\n<\/div>\n<p><input class=\"wpcf7-form-control wpcf7-submit has-spinner\" type=\"submit\" value=\"Send inquiry\" \/>\n<\/p><div class=\"wpcf7-response-output\" aria-hidden=\"true\"><\/div>\n<\/form>\n<\/div>\n\t\t\t\t\t\t\t\t<\/div>\n\t\t\t\t<\/div>\n\t\t\t\t<\/div>\n\t\t\t\t\t<\/div>\n\t\t\t\t<\/div>\n\t\t\t\t<\/div>\n\t\t","protected":false},"excerpt":{"rendered":"<p>Homepage \/ Courses Our courses &#8211; just for you! Incoming mobility students (Erasmus, CEEPUS, and other student mobility programmes) \u2192 Teaching Croatian as a Second and Foreign Language for Students of the Faculty of Medicine in Rijeka \u2192 MDU Scholarship Holders \u2192 Students from the YUFE network \u2192 Individual lessons \u2192 SEND US AN INQUIRY [&hellip;]<\/p>\n","protected":false},"author":2,"featured_media":0,"parent":0,"menu_order":0,"comment_status":"closed","ping_status":"closed","template":"","meta":{"footnotes":""},"class_list":["post-2456","page","type-page","status-publish","hentry"],"yoast_head":"<!-- This site is optimized with the Yoast SEO plugin v27.3 - https:\/\/yoast.com\/product\/yoast-seo-wordpress\/ -->\n<title>Courses - The Rijeka School of Croatian Studies<\/title>\n<meta name=\"robots\" content=\"index, follow, max-snippet:-1, max-image-preview:large, max-video-preview:-1\" \/>\n<link rel=\"canonical\" href=\"https:\/\/rks.uniri.hr\/en\/courses\/\" \/>\n<meta property=\"og:locale\" content=\"en_US\" \/>\n<meta property=\"og:type\" content=\"article\" \/>\n<meta property=\"og:title\" content=\"Courses - The Rijeka School of Croatian Studies\" \/>\n<meta property=\"og:description\" content=\"Homepage \/ Courses Our courses &#8211; just for you! Incoming mobility students (Erasmus, CEEPUS, and other student mobility programmes) \u2192 Teaching Croatian as a Second and Foreign Language for Students of the Faculty of Medicine in Rijeka \u2192 MDU Scholarship Holders \u2192 Students from the YUFE network \u2192 Individual lessons \u2192 SEND US AN INQUIRY [&hellip;]\" \/>\n<meta property=\"og:url\" content=\"https:\/\/rks.uniri.hr\/en\/courses\/\" \/>\n<meta property=\"og:site_name\" content=\"Rije\u010dka kroatisti\u010dka \u0161kola\" \/>\n<meta property=\"article:modified_time\" content=\"2025-09-17T09:50:18+00:00\" \/>\n<meta name=\"twitter:card\" content=\"summary_large_image\" \/>\n<meta name=\"twitter:label1\" content=\"Est. reading time\" \/>\n\t<meta name=\"twitter:data1\" content=\"1 minute\" \/>\n<script type=\"application\/ld+json\" class=\"yoast-schema-graph\">{\"@context\":\"https:\\\/\\\/schema.org\",\"@graph\":[{\"@type\":\"WebPage\",\"@id\":\"https:\\\/\\\/rks.uniri.hr\\\/en\\\/courses\\\/\",\"url\":\"https:\\\/\\\/rks.uniri.hr\\\/en\\\/courses\\\/\",\"name\":\"Courses - The Rijeka School of Croatian Studies\",\"isPartOf\":{\"@id\":\"https:\\\/\\\/rks.uniri.hr\\\/en\\\/#website\"},\"datePublished\":\"2025-05-06T12:53:20+00:00\",\"dateModified\":\"2025-09-17T09:50:18+00:00\",\"breadcrumb\":{\"@id\":\"https:\\\/\\\/rks.uniri.hr\\\/en\\\/courses\\\/#breadcrumb\"},\"inLanguage\":\"en-US\",\"potentialAction\":[{\"@type\":\"ReadAction\",\"target\":[\"https:\\\/\\\/rks.uniri.hr\\\/en\\\/courses\\\/\"]}]},{\"@type\":\"BreadcrumbList\",\"@id\":\"https:\\\/\\\/rks.uniri.hr\\\/en\\\/courses\\\/#breadcrumb\",\"itemListElement\":[{\"@type\":\"ListItem\",\"position\":1,\"name\":\"Po\u010detna stranica\",\"item\":\"https:\\\/\\\/rks.uniri.hr\\\/en\\\/\"},{\"@type\":\"ListItem\",\"position\":2,\"name\":\"Courses\"}]},{\"@type\":\"WebSite\",\"@id\":\"https:\\\/\\\/rks.uniri.hr\\\/en\\\/#website\",\"url\":\"https:\\\/\\\/rks.uniri.hr\\\/en\\\/\",\"name\":\"Rije\u010dka kroatisti\u010dka \u0161kola\",\"description\":\"\",\"publisher\":{\"@id\":\"https:\\\/\\\/rks.uniri.hr\\\/en\\\/#organization\"},\"potentialAction\":[{\"@type\":\"SearchAction\",\"target\":{\"@type\":\"EntryPoint\",\"urlTemplate\":\"https:\\\/\\\/rks.uniri.hr\\\/en\\\/?s={search_term_string}\"},\"query-input\":{\"@type\":\"PropertyValueSpecification\",\"valueRequired\":true,\"valueName\":\"search_term_string\"}}],\"inLanguage\":\"en-US\"},{\"@type\":\"Organization\",\"@id\":\"https:\\\/\\\/rks.uniri.hr\\\/en\\\/#organization\",\"name\":\"Rije\u010dka kroatisti\u010dka \u0161kola\",\"url\":\"https:\\\/\\\/rks.uniri.hr\\\/en\\\/\",\"logo\":{\"@type\":\"ImageObject\",\"inLanguage\":\"en-US\",\"@id\":\"https:\\\/\\\/rks.uniri.hr\\\/en\\\/#\\\/schema\\\/logo\\\/image\\\/\",\"url\":\"https:\\\/\\\/rks.uniri.hr\\\/wp-content\\\/uploads\\\/2025\\\/05\\\/RKS\u030c-logo-white-HR-1.png\",\"contentUrl\":\"https:\\\/\\\/rks.uniri.hr\\\/wp-content\\\/uploads\\\/2025\\\/05\\\/RKS\u030c-logo-white-HR-1.png\",\"width\":126,\"height\":109,\"caption\":\"Rije\u010dka kroatisti\u010dka \u0161kola\"},\"image\":{\"@id\":\"https:\\\/\\\/rks.uniri.hr\\\/en\\\/#\\\/schema\\\/logo\\\/image\\\/\"}}]}<\/script>\n<!-- \/ Yoast SEO plugin. -->","yoast_head_json":{"title":"Courses - The Rijeka School of Croatian Studies","robots":{"index":"index","follow":"follow","max-snippet":"max-snippet:-1","max-image-preview":"max-image-preview:large","max-video-preview":"max-video-preview:-1"},"canonical":"https:\/\/rks.uniri.hr\/en\/courses\/","og_locale":"en_US","og_type":"article","og_title":"Courses - The Rijeka School of Croatian Studies","og_description":"Homepage \/ Courses Our courses &#8211; just for you! Incoming mobility students (Erasmus, CEEPUS, and other student mobility programmes) \u2192 Teaching Croatian as a Second and Foreign Language for Students of the Faculty of Medicine in Rijeka \u2192 MDU Scholarship Holders \u2192 Students from the YUFE network \u2192 Individual lessons \u2192 SEND US AN INQUIRY [&hellip;]","og_url":"https:\/\/rks.uniri.hr\/en\/courses\/","og_site_name":"Rije\u010dka kroatisti\u010dka \u0161kola","article_modified_time":"2025-09-17T09:50:18+00:00","twitter_card":"summary_large_image","twitter_misc":{"Est. reading time":"1 minute"},"schema":{"@context":"https:\/\/schema.org","@graph":[{"@type":"WebPage","@id":"https:\/\/rks.uniri.hr\/en\/courses\/","url":"https:\/\/rks.uniri.hr\/en\/courses\/","name":"Courses - The Rijeka School of Croatian Studies","isPartOf":{"@id":"https:\/\/rks.uniri.hr\/en\/#website"},"datePublished":"2025-05-06T12:53:20+00:00","dateModified":"2025-09-17T09:50:18+00:00","breadcrumb":{"@id":"https:\/\/rks.uniri.hr\/en\/courses\/#breadcrumb"},"inLanguage":"en-US","potentialAction":[{"@type":"ReadAction","target":["https:\/\/rks.uniri.hr\/en\/courses\/"]}]},{"@type":"BreadcrumbList","@id":"https:\/\/rks.uniri.hr\/en\/courses\/#breadcrumb","itemListElement":[{"@type":"ListItem","position":1,"name":"Po\u010detna stranica","item":"https:\/\/rks.uniri.hr\/en\/"},{"@type":"ListItem","position":2,"name":"Courses"}]},{"@type":"WebSite","@id":"https:\/\/rks.uniri.hr\/en\/#website","url":"https:\/\/rks.uniri.hr\/en\/","name":"Rije\u010dka kroatisti\u010dka \u0161kola","description":"","publisher":{"@id":"https:\/\/rks.uniri.hr\/en\/#organization"},"potentialAction":[{"@type":"SearchAction","target":{"@type":"EntryPoint","urlTemplate":"https:\/\/rks.uniri.hr\/en\/?s={search_term_string}"},"query-input":{"@type":"PropertyValueSpecification","valueRequired":true,"valueName":"search_term_string"}}],"inLanguage":"en-US"},{"@type":"Organization","@id":"https:\/\/rks.uniri.hr\/en\/#organization","name":"Rije\u010dka kroatisti\u010dka \u0161kola","url":"https:\/\/rks.uniri.hr\/en\/","logo":{"@type":"ImageObject","inLanguage":"en-US","@id":"https:\/\/rks.uniri.hr\/en\/#\/schema\/logo\/image\/","url":"https:\/\/rks.uniri.hr\/wp-content\/uploads\/2025\/05\/RKS\u030c-logo-white-HR-1.png","contentUrl":"https:\/\/rks.uniri.hr\/wp-content\/uploads\/2025\/05\/RKS\u030c-logo-white-HR-1.png","width":126,"height":109,"caption":"Rije\u010dka kroatisti\u010dka \u0161kola"},"image":{"@id":"https:\/\/rks.uniri.hr\/en\/#\/schema\/logo\/image\/"}}]}},"_links":{"self":[{"href":"https:\/\/rks.uniri.hr\/en\/wp-json\/wp\/v2\/pages\/2456","targetHints":{"allow":["GET"]}}],"collection":[{"href":"https:\/\/rks.uniri.hr\/en\/wp-json\/wp\/v2\/pages"}],"about":[{"href":"https:\/\/rks.uniri.hr\/en\/wp-json\/wp\/v2\/types\/page"}],"author":[{"embeddable":true,"href":"https:\/\/rks.uniri.hr\/en\/wp-json\/wp\/v2\/users\/2"}],"replies":[{"embeddable":true,"href":"https:\/\/rks.uniri.hr\/en\/wp-json\/wp\/v2\/comments?post=2456"}],"version-history":[{"count":4,"href":"https:\/\/rks.uniri.hr\/en\/wp-json\/wp\/v2\/pages\/2456\/revisions"}],"predecessor-version":[{"id":2590,"href":"https:\/\/rks.uniri.hr\/en\/wp-json\/wp\/v2\/pages\/2456\/revisions\/2590"}],"wp:attachment":[{"href":"https:\/\/rks.uniri.hr\/en\/wp-json\/wp\/v2\/media?parent=2456"}],"curies":[{"name":"wp","href":"https:\/\/api.w.org\/{rel}","templated":true}]}}